{"id":273,"date":"2022-01-22T12:26:17","date_gmt":"2022-01-22T12:26:17","guid":{"rendered":"https:\/\/www.atva.se\/atva-tekniken\/"},"modified":"2022-01-26T10:21:55","modified_gmt":"2022-01-26T10:21:55","slug":"atva-tekniken","status":"publish","type":"page","link":"https:\/\/www.atva.se\/sv\/atva-tekniken\/","title":{"rendered":"ATVA\u2122-tekniken"},"content":{"rendered":"\n<p>ATVA\u2122-tekniken \u00e4r i sin konkreta form en vibrationsd\u00e4mpande enhet som integreras i olika typer av slagmaskiner, till exempel bergborrmaskiner. ATVA\u2122-enheten skapar en omedelbar r\u00f6relse som motverkar vibrationerna fr\u00e5n maskinens slag (OBS \u2013 det \u00e4r allts\u00e5 enbart vibrationerna som motverkas, inte maskinens slag i sig). Dessa motr\u00f6relser absorberar vibrationerna automatiskt, <em>oberoende av frekvens.<\/em> P\u00e5 s\u00e4tt och vis kan man s\u00e4ga att den anpassar sin frekvens p\u00e5 samma s\u00e4tt som en musiker st\u00e4mmer in sitt instrument efter en annan musiker.<\/p>\n\n<p>I dess nuvarande form \u00e4r ATVA\u2122 enheten en cylinder som monteras p\u00e5 eller mer exakt \u2013 monteras <em>runt<\/em> en slagmaskin, se foto fr\u00e5n filmen nedan.<\/p>\n\n<div class=\"wp-block-columns is-layout-flex wp-container-core-columns-is-layout-9d6595d7 wp-block-columns-is-layout-flex\">\n<div class=\"wp-block-column is-layout-flow wp-block-column-is-layout-flow\">\n<figure class=\"wp-block-image size-large\"><img loading=\"lazy\" decoding=\"async\" width=\"1024\" height=\"575\" src=\"http:\/\/www.atva.se\/wp-content\/uploads\/2021\/09\/atva-in-use-man-working-1024x575.jpg\" alt=\"\" class=\"wp-image-97\" srcset=\"https:\/\/www.atva.se\/wp-content\/uploads\/2021\/09\/atva-in-use-man-working-1024x575.jpg 1024w, https:\/\/www.atva.se\/wp-content\/uploads\/2021\/09\/atva-in-use-man-working-300x169.jpg 300w, https:\/\/www.atva.se\/wp-content\/uploads\/2021\/09\/atva-in-use-man-working-768x431.jpg 768w, https:\/\/www.atva.se\/wp-content\/uploads\/2021\/09\/atva-in-use-man-working.jpg 1200w\" sizes=\"auto, (max-width: 1024px) 100vw, 1024px\" \/><figcaption>En ombyggd borrmaskin som utrustats med en ATVA\u2122 enhet inuti.<\/figcaption><\/figure>\n<\/div>\n\n\n\n<div class=\"wp-block-column is-layout-flow wp-block-column-is-layout-flow\">\n<figure class=\"wp-block-image size-full\"><img loading=\"lazy\" decoding=\"async\" width=\"397\" height=\"264\" src=\"https:\/\/www.atva.se\/wp-content\/uploads\/2021\/10\/atva-unit.png\" alt=\"\" class=\"wp-image-148\" srcset=\"https:\/\/www.atva.se\/wp-content\/uploads\/2021\/10\/atva-unit.png 397w, https:\/\/www.atva.se\/wp-content\/uploads\/2021\/10\/atva-unit-300x199.png 300w\" sizes=\"auto, (max-width: 397px) 100vw, 397px\" \/><figcaption>N\u00e4rbild p\u00e5 ATVA\u2122 enheten som anv\u00e4nds i prototypmaskinerna som anv\u00e4nds i \u00c4vja stenbrott.<\/figcaption><\/figure>\n\n\n\n<p><\/p>\n<\/div>\n<\/div>\n\n<p>Den f\u00f6rsta ATVA\u2122-enheten togs fram 2007. I ett samspel mellan forskarteamet p\u00e5 RISE och stenbrottens arbetare och tekniker f\u00f6rb\u00e4ttrades tekniken gradvis. . Till slut, i april 2016, blev en v\u00e4lfungerande ATVA \u2013 enhet godk\u00e4nd f\u00f6r kontinuerlig anv\u00e4ndning och man l\u00e4t tillverka ett antal prototypmaskiner, b\u00e5de f\u00f6r handh\u00e5llna och robotstyrda applikationer. Dessa prototyper, <a href=\"https:\/\/www.youtube.com\/watch?v=_hYluIkC7lw\">varav en anv\u00e4nds med en robot,<\/a> har varit i kontinuerlig anv\u00e4ndning sedan dess.<\/p>\n\n<p>\u00c5r 2020, beslutades att testerna var klarg\u00f6rande: ATVA\u2122 \u00e4r en bepr\u00f6vad teknik som \u00e4r redo f\u00f6r att presenteras och kommersialiseras.<\/p>\n\n<div style=\"height:40px\" aria-hidden=\"true\" class=\"wp-block-spacer\"><\/div>\n\n<figure class=\"wp-block-embed is-type-video is-provider-youtube wp-block-embed-youtube wp-embed-aspect-16-9 wp-has-aspect-ratio\"><div class=\"wp-block-embed__wrapper\">\n<iframe loading=\"lazy\" title=\"Hans Lindell explaining the ATVA invention\" width=\"750\" height=\"422\" src=\"https:\/\/www.youtube.com\/embed\/37LlnYkmuBg?feature=oembed\" frameborder=\"0\" allow=\"accelerometer; autoplay; clipboard-write; encrypted-media; gyroscope; picture-in-picture\" allowfullscreen><\/iframe>\n<\/div><\/figure>\n","protected":false},"excerpt":{"rendered":"<p>ATVA\u2122-tekniken \u00e4r i sin konkreta form en vibrationsd\u00e4mpande enhet som integreras i olika typer av slagmaskiner, till exempel bergborrmaskiner. ATVA\u2122-enheten skapar en omedelbar r\u00f6relse som motverkar vibrationerna fr\u00e5n maskinens slag (OBS \u2013 det \u00e4r allts\u00e5 enbart vibrationerna som motverkas, inte maskinens slag i sig). Dessa motr\u00f6relser absorberar vibrationerna automatiskt, oberoende av frekvens. P\u00e5 s\u00e4tt och&hellip; <a class=\"more-link\" href=\"https:\/\/www.atva.se\/sv\/atva-tekniken\/\">Continue reading <span class=\"screen-reader-text\">ATVA\u2122-tekniken<\/span><\/a><\/p>\n","protected":false},"author":1,"featured_media":0,"parent":0,"menu_order":10,"comment_status":"closed","ping_status":"closed","template":"","meta":{"_uag_custom_page_level_css":"","_monsterinsights_skip_tracking":false,"_monsterinsights_sitenote_active":false,"_monsterinsights_sitenote_note":"","_monsterinsights_sitenote_category":0,"footnotes":""},"class_list":["post-273","page","type-page","status-publish","hentry","entry"],"yoast_head":"<!-- This site is optimized with the Yoast SEO plugin v27.5 - https:\/\/yoast.com\/product\/yoast-seo-wordpress\/ -->\n<title>ATVA\u2122-tekniken - ATVA License<\/title>\n<meta name=\"robots\" content=\"index, follow, max-snippet:-1, max-image-preview:large, max-video-preview:-1\" \/>\n<link rel=\"canonical\" href=\"https:\/\/www.atva.se\/sv\/atva-tekniken\/\" \/>\n<meta property=\"og:locale\" content=\"sv_SE\" \/>\n<meta property=\"og:type\" content=\"article\" \/>\n<meta property=\"og:title\" content=\"ATVA\u2122-tekniken - ATVA License\" \/>\n<meta property=\"og:description\" content=\"ATVA\u2122-tekniken \u00e4r i sin konkreta form en vibrationsd\u00e4mpande enhet som integreras i olika typer av slagmaskiner, till exempel bergborrmaskiner. ATVA\u2122-enheten skapar en omedelbar r\u00f6relse som motverkar vibrationerna fr\u00e5n maskinens slag (OBS \u2013 det \u00e4r allts\u00e5 enbart vibrationerna som motverkas, inte maskinens slag i sig). Dessa motr\u00f6relser absorberar vibrationerna automatiskt, oberoende av frekvens. P\u00e5 s\u00e4tt och&hellip; Continue reading ATVA\u2122-tekniken\" \/>\n<meta property=\"og:url\" content=\"https:\/\/www.atva.se\/sv\/atva-tekniken\/\" \/>\n<meta property=\"og:site_name\" content=\"ATVA License\" \/>\n<meta property=\"article:modified_time\" content=\"2022-01-26T10:21:55+00:00\" \/>\n<meta property=\"og:image\" content=\"http:\/\/www.atva.se\/wp-content\/uploads\/2021\/09\/atva-in-use-man-working-1024x575.jpg\" \/>\n<meta name=\"twitter:card\" content=\"summary_large_image\" \/>\n<meta name=\"twitter:label1\" content=\"Ber\u00e4knad l\u00e4stid\" \/>\n\t<meta name=\"twitter:data1\" content=\"1 minut\" \/>\n<script type=\"application\/ld+json\" class=\"yoast-schema-graph\">{\"@context\":\"https:\\\/\\\/schema.org\",\"@graph\":[{\"@type\":\"WebPage\",\"@id\":\"https:\\\/\\\/www.atva.se\\\/sv\\\/atva-tekniken\\\/\",\"url\":\"https:\\\/\\\/www.atva.se\\\/sv\\\/atva-tekniken\\\/\",\"name\":\"ATVA\u2122-tekniken - ATVA License\",\"isPartOf\":{\"@id\":\"https:\\\/\\\/www.atva.se\\\/sv\\\/#website\"},\"primaryImageOfPage\":{\"@id\":\"https:\\\/\\\/www.atva.se\\\/sv\\\/atva-tekniken\\\/#primaryimage\"},\"image\":{\"@id\":\"https:\\\/\\\/www.atva.se\\\/sv\\\/atva-tekniken\\\/#primaryimage\"},\"thumbnailUrl\":\"http:\\\/\\\/www.atva.se\\\/wp-content\\\/uploads\\\/2021\\\/09\\\/atva-in-use-man-working-1024x575.jpg\",\"datePublished\":\"2022-01-22T12:26:17+00:00\",\"dateModified\":\"2022-01-26T10:21:55+00:00\",\"breadcrumb\":{\"@id\":\"https:\\\/\\\/www.atva.se\\\/sv\\\/atva-tekniken\\\/#breadcrumb\"},\"inLanguage\":\"sv-SE\",\"potentialAction\":[{\"@type\":\"ReadAction\",\"target\":[\"https:\\\/\\\/www.atva.se\\\/sv\\\/atva-tekniken\\\/\"]}]},{\"@type\":\"ImageObject\",\"inLanguage\":\"sv-SE\",\"@id\":\"https:\\\/\\\/www.atva.se\\\/sv\\\/atva-tekniken\\\/#primaryimage\",\"url\":\"http:\\\/\\\/www.atva.se\\\/wp-content\\\/uploads\\\/2021\\\/09\\\/atva-in-use-man-working-1024x575.jpg\",\"contentUrl\":\"http:\\\/\\\/www.atva.se\\\/wp-content\\\/uploads\\\/2021\\\/09\\\/atva-in-use-man-working-1024x575.jpg\"},{\"@type\":\"BreadcrumbList\",\"@id\":\"https:\\\/\\\/www.atva.se\\\/sv\\\/atva-tekniken\\\/#breadcrumb\",\"itemListElement\":[{\"@type\":\"ListItem\",\"position\":1,\"name\":\"Home\",\"item\":\"https:\\\/\\\/www.atva.se\\\/sv\\\/\"},{\"@type\":\"ListItem\",\"position\":2,\"name\":\"ATVA\u2122-tekniken\"}]},{\"@type\":\"WebSite\",\"@id\":\"https:\\\/\\\/www.atva.se\\\/sv\\\/#website\",\"url\":\"https:\\\/\\\/www.atva.se\\\/sv\\\/\",\"name\":\"ATVA License\",\"description\":\"Zero Vibrations\",\"publisher\":{\"@id\":\"https:\\\/\\\/www.atva.se\\\/sv\\\/#organization\"},\"potentialAction\":[{\"@type\":\"SearchAction\",\"target\":{\"@type\":\"EntryPoint\",\"urlTemplate\":\"https:\\\/\\\/www.atva.se\\\/sv\\\/?s={search_term_string}\"},\"query-input\":{\"@type\":\"PropertyValueSpecification\",\"valueRequired\":true,\"valueName\":\"search_term_string\"}}],\"inLanguage\":\"sv-SE\"},{\"@type\":\"Organization\",\"@id\":\"https:\\\/\\\/www.atva.se\\\/sv\\\/#organization\",\"name\":\"ATVA License\",\"url\":\"https:\\\/\\\/www.atva.se\\\/sv\\\/\",\"logo\":{\"@type\":\"ImageObject\",\"inLanguage\":\"sv-SE\",\"@id\":\"https:\\\/\\\/www.atva.se\\\/sv\\\/#\\\/schema\\\/logo\\\/image\\\/\",\"url\":\"https:\\\/\\\/www.atva.se\\\/wp-content\\\/uploads\\\/2021\\\/09\\\/atva-license-logo.png\",\"contentUrl\":\"https:\\\/\\\/www.atva.se\\\/wp-content\\\/uploads\\\/2021\\\/09\\\/atva-license-logo.png\",\"width\":1435,\"height\":193,\"caption\":\"ATVA License\"},\"image\":{\"@id\":\"https:\\\/\\\/www.atva.se\\\/sv\\\/#\\\/schema\\\/logo\\\/image\\\/\"}}]}<\/script>\n<!-- \/ Yoast SEO plugin. -->","yoast_head_json":{"title":"ATVA\u2122-tekniken - ATVA License","robots":{"index":"index","follow":"follow","max-snippet":"max-snippet:-1","max-image-preview":"max-image-preview:large","max-video-preview":"max-video-preview:-1"},"canonical":"https:\/\/www.atva.se\/sv\/atva-tekniken\/","og_locale":"sv_SE","og_type":"article","og_title":"ATVA\u2122-tekniken - ATVA License","og_description":"ATVA\u2122-tekniken \u00e4r i sin konkreta form en vibrationsd\u00e4mpande enhet som integreras i olika typer av slagmaskiner, till exempel bergborrmaskiner. ATVA\u2122-enheten skapar en omedelbar r\u00f6relse som motverkar vibrationerna fr\u00e5n maskinens slag (OBS \u2013 det \u00e4r allts\u00e5 enbart vibrationerna som motverkas, inte maskinens slag i sig). Dessa motr\u00f6relser absorberar vibrationerna automatiskt, oberoende av frekvens. P\u00e5 s\u00e4tt och&hellip; Continue reading ATVA\u2122-tekniken","og_url":"https:\/\/www.atva.se\/sv\/atva-tekniken\/","og_site_name":"ATVA License","article_modified_time":"2022-01-26T10:21:55+00:00","og_image":[{"url":"http:\/\/www.atva.se\/wp-content\/uploads\/2021\/09\/atva-in-use-man-working-1024x575.jpg","type":"","width":"","height":""}],"twitter_card":"summary_large_image","twitter_misc":{"Ber\u00e4knad l\u00e4stid":"1 minut"},"schema":{"@context":"https:\/\/schema.org","@graph":[{"@type":"WebPage","@id":"https:\/\/www.atva.se\/sv\/atva-tekniken\/","url":"https:\/\/www.atva.se\/sv\/atva-tekniken\/","name":"ATVA\u2122-tekniken - ATVA License","isPartOf":{"@id":"https:\/\/www.atva.se\/sv\/#website"},"primaryImageOfPage":{"@id":"https:\/\/www.atva.se\/sv\/atva-tekniken\/#primaryimage"},"image":{"@id":"https:\/\/www.atva.se\/sv\/atva-tekniken\/#primaryimage"},"thumbnailUrl":"http:\/\/www.atva.se\/wp-content\/uploads\/2021\/09\/atva-in-use-man-working-1024x575.jpg","datePublished":"2022-01-22T12:26:17+00:00","dateModified":"2022-01-26T10:21:55+00:00","breadcrumb":{"@id":"https:\/\/www.atva.se\/sv\/atva-tekniken\/#breadcrumb"},"inLanguage":"sv-SE","potentialAction":[{"@type":"ReadAction","target":["https:\/\/www.atva.se\/sv\/atva-tekniken\/"]}]},{"@type":"ImageObject","inLanguage":"sv-SE","@id":"https:\/\/www.atva.se\/sv\/atva-tekniken\/#primaryimage","url":"http:\/\/www.atva.se\/wp-content\/uploads\/2021\/09\/atva-in-use-man-working-1024x575.jpg","contentUrl":"http:\/\/www.atva.se\/wp-content\/uploads\/2021\/09\/atva-in-use-man-working-1024x575.jpg"},{"@type":"BreadcrumbList","@id":"https:\/\/www.atva.se\/sv\/atva-tekniken\/#breadcrumb","itemListElement":[{"@type":"ListItem","position":1,"name":"Home","item":"https:\/\/www.atva.se\/sv\/"},{"@type":"ListItem","position":2,"name":"ATVA\u2122-tekniken"}]},{"@type":"WebSite","@id":"https:\/\/www.atva.se\/sv\/#website","url":"https:\/\/www.atva.se\/sv\/","name":"ATVA License","description":"Zero Vibrations","publisher":{"@id":"https:\/\/www.atva.se\/sv\/#organization"},"potentialAction":[{"@type":"SearchAction","target":{"@type":"EntryPoint","urlTemplate":"https:\/\/www.atva.se\/sv\/?s={search_term_string}"},"query-input":{"@type":"PropertyValueSpecification","valueRequired":true,"valueName":"search_term_string"}}],"inLanguage":"sv-SE"},{"@type":"Organization","@id":"https:\/\/www.atva.se\/sv\/#organization","name":"ATVA License","url":"https:\/\/www.atva.se\/sv\/","logo":{"@type":"ImageObject","inLanguage":"sv-SE","@id":"https:\/\/www.atva.se\/sv\/#\/schema\/logo\/image\/","url":"https:\/\/www.atva.se\/wp-content\/uploads\/2021\/09\/atva-license-logo.png","contentUrl":"https:\/\/www.atva.se\/wp-content\/uploads\/2021\/09\/atva-license-logo.png","width":1435,"height":193,"caption":"ATVA License"},"image":{"@id":"https:\/\/www.atva.se\/sv\/#\/schema\/logo\/image\/"}}]}},"uagb_featured_image_src":{"full":false,"thumbnail":false,"medium":false,"medium_large":false,"large":false,"1536x1536":false,"2048x2048":false,"post-thumbnail":false},"uagb_author_info":{"display_name":"atva-admin","author_link":"https:\/\/www.atva.se\/sv\/author\/atva-admin\/"},"uagb_comment_info":0,"uagb_excerpt":"ATVA\u2122-tekniken \u00e4r i sin konkreta form en vibrationsd\u00e4mpande enhet som integreras i olika typer av slagmaskiner, till exempel bergborrmaskiner. ATVA\u2122-enheten skapar en omedelbar r\u00f6relse som motverkar vibrationerna fr\u00e5n maskinens slag (OBS \u2013 det \u00e4r allts\u00e5 enbart vibrationerna som motverkas, inte maskinens slag i sig). Dessa motr\u00f6relser absorberar vibrationerna automatiskt, oberoende av frekvens. P\u00e5 s\u00e4tt och&hellip;&hellip;","_links":{"self":[{"href":"https:\/\/www.atva.se\/sv\/wp-json\/wp\/v2\/pages\/273","targetHints":{"allow":["GET"]}}],"collection":[{"href":"https:\/\/www.atva.se\/sv\/wp-json\/wp\/v2\/pages"}],"about":[{"href":"https:\/\/www.atva.se\/sv\/wp-json\/wp\/v2\/types\/page"}],"author":[{"embeddable":true,"href":"https:\/\/www.atva.se\/sv\/wp-json\/wp\/v2\/users\/1"}],"replies":[{"embeddable":true,"href":"https:\/\/www.atva.se\/sv\/wp-json\/wp\/v2\/comments?post=273"}],"version-history":[{"count":13,"href":"https:\/\/www.atva.se\/sv\/wp-json\/wp\/v2\/pages\/273\/revisions"}],"predecessor-version":[{"id":377,"href":"https:\/\/www.atva.se\/sv\/wp-json\/wp\/v2\/pages\/273\/revisions\/377"}],"wp:attachment":[{"href":"https:\/\/www.atva.se\/sv\/wp-json\/wp\/v2\/media?parent=273"}],"curies":[{"name":"wp","href":"https:\/\/api.w.org\/{rel}","templated":true}]}}