{"id":267,"date":"2022-01-22T12:21:15","date_gmt":"2022-01-22T12:21:15","guid":{"rendered":"https:\/\/www.atva.se\/the-zero-vibration-project\/pressklipp\/"},"modified":"2022-01-25T14:36:19","modified_gmt":"2022-01-25T14:36:19","slug":"pressklipp","status":"publish","type":"page","link":"https:\/\/www.atva.se\/sv\/nollvib-projektet\/pressklipp\/","title":{"rendered":"Pressklipp"},"content":{"rendered":"\n<p>The ZeroVib project has become well-known in Sweden, as reflected by the following selection of articles that have appeared in trade union magazines, medical seminars, portals and other public forum. The links are to articles in Swedish, but at each link there is information about the type of publication and some key quotes from the respective articles.<\/p>\n\n<p><a href=\"http:\/\/dok.slso.sll.se\/CAMM\/Seminarier\/Material\/varmotet_2015\/A13_hans_lindell.pdf\" target=\"_blank\" rel=\"noreferrer noopener\">Stockholm Region \u2013 Health Care Provider<\/a> for 1,4 million inhabitants in Stockholm region, a seminar about medical news in 2015, where Hans Lindell made a presentation of the ZeroVib project. The graph depicting the Vibration performance is quite illustrative and we present it in full here:<\/p>\n\n<figure class=\"wp-block-image size-full\"><img loading=\"lazy\" decoding=\"async\" width=\"943\" height=\"527\" src=\"https:\/\/www.atva.se\/wp-content\/uploads\/2021\/10\/atva-graph.png\" alt=\"\" class=\"wp-image-180\" srcset=\"https:\/\/www.atva.se\/wp-content\/uploads\/2021\/10\/atva-graph.png 943w, https:\/\/www.atva.se\/wp-content\/uploads\/2021\/10\/atva-graph-300x168.png 300w, https:\/\/www.atva.se\/wp-content\/uploads\/2021\/10\/atva-graph-768x429.png 768w\" sizes=\"auto, (max-width: 943px) 100vw, 943px\" \/><\/figure>\n\n<p><a href=\"https:\/\/www.afaforsakring.se\/globalassets\/nyhetsrum\/hans-lindell-swerera-ivf.pdf\" target=\"_blank\" rel=\"noreferrer noopener\">AFA F\u00f6rs\u00e4kring som f\u00f6rs\u00e4krar mer \u00e4n 4,8 miljoner svenska arbetare<\/a> vad g\u00e4ller arbetsrelaterade skador och som st\u00f6der forskning f\u00f6r att \u00f6kat arbetarskydd i dess olika aspekter. AFA \u00e4r sponsor till NollVib \u2013 projektet och har organiserat ett seminarium kring vibrationsrelaterade arbetsskador. Den gr\u00f6na linjen D I grafen representerar en ATVA\u2122 &#8211; utrustad mejselhammare. N\u00e5gra nyckelpunkter fr\u00e5n presentationen handlade om j\u00e4mf\u00f6relse mellan den gamla och den nya, ATVA\u2122 -utrustade maskinen, enligt nedan:<\/p>\n\n<ul class=\"wp-block-list\"><li>\u2022 Maskinvikt 6,5 kg j\u00e4mf\u00f6rt med tidigare 17 kg.<\/li><li>\u2022 Vibrationsniv\u00e5 &lt; 2,5 m\/s2 j\u00e4mf\u00f6rt med 18 m\/s2.<\/li><li>L\u00e4gre matningskraft<\/li><li>L\u00e4gre mejself\u00f6rbrukning<\/li><li>Effektivare dammutsug<\/li><li>B\u00e4ttre ergonomi<\/li><\/ul>\n\n<p><a href=\"https:\/\/www.arbetarskydd.se\/arbetsskador\/har-byggs-de-daliga-vibrationerna-bort-6823774\" target=\"_blank\" rel=\"noreferrer noopener\">Tidskriften Arbetarskydd<\/a><\/p>\n\n<p>\u201cViss del av vikten i konventionella maskiner \u00e4r utformad f\u00f6r att f\u00f6rs\u00f6ka minska vibrationer \u2013 den vikten \u00e4r helt on\u00f6dig med den teknik vi anv\u00e4nder\u201d, Hans Lindell.<\/p>\n\n<p><a href=\"https:\/\/www.arbetarskydd.se\/arbetsskador\/ibland-har-jag-kant-mig-frustrerad-6568853\" target=\"_blank\" rel=\"noreferrer noopener\">Intervju med Hans Lindell i Arbetarskydd<\/a><\/p>\n\n<p>\u201cVibrationsfria maskiner? J\u00e4tteenkelt! Det trodde Hans Lindell n\u00e4r han b\u00f6rjade arbeta p\u00e5 forskningsinstitutet. Nu har han lyckats \u2013 24 \u00e5r senare.\u201d<\/p>\n\n<p>\u201cJag m\u00f6tte en arbetare som ber\u00e4ttade att hans dotter v\u00e4grade bli kramad av honom eftersom hans h\u00e4nder var s\u00e5 h\u00e5rda och kalla. Eftersom jag hade en liten dotter sj\u00e4lv\u2026s\u00e5 fastnade det\u201d<\/p>\n\n<p><a href=\"https:\/\/www.byggnadsarbetaren.se\/sa-stoppar-den-nya-tekniken-vibrationer\/\" target=\"_blank\" rel=\"noreferrer noopener\">Byggnadsarbetaren<\/a><\/p>\n\n<p>Artikel om de tekniska l\u00f6sningarna f\u00f6r att reducera b\u00e5de sl\u00e5ende och roterande vibrationer, inkluderande ett mycket bra foto p\u00e5 en ATVA\u2122-enhet.<\/p>\n\n<p><a href=\"https:\/\/www.ifmetall.se\/aktuellt\/nyheter\/fran-forbundet\/2017\/maj\/skadliga-vibrationer-kan-undvikas\/\" target=\"_blank\" rel=\"noreferrer noopener\">Metallarbetaren \u2013 skadliga vibrationer kan undvikas<\/a><\/p>\n\n<p>\u201dOm vi kan minska vibrationerna, kan vi ocks\u00e5 ofta minska vikt och \u00f6ka effektivitet\u201d, Hans Lindell<\/p>\n\n<p>\u201cPrototypen \u00e4r mycket b\u00e4ttre, vi har kontaktat v\u00e5ra maskinleverant\u00f6rer f\u00f6r att de ska k\u00e4nna till den h\u00e4r m\u00f6jligheten\u201d, Thomas Myrman, skyddsombud p\u00e5 Volvo Construction Equipment i Arvika.<\/p>\n\n<p><a href=\"https:\/\/www.nyteknik.se\/ingenjorskarriar\/karriar\/han-stoppar-farliga-vibrationer-6398820\" target=\"_blank\" rel=\"noreferrer noopener\">Ny Teknik<\/a><\/p>\n\n<p>\u201cHans Lindell \u2026har utvecklat en vibrationsabsorberande mejselmaskin som kan anv\u00e4ndas hela dagen I st\u00e4llet f\u00f6r 8 minuter.\u201d<\/p>\n\n<p><a href=\"https:\/\/tidningenelektrikern.se\/2018\/01\/09\/vibrationsskador-allt-vanligare-sa-undviker-du-dem-men-lita-inte-blint-pa-tillverkarnas-uppgifter\/\" target=\"_blank\" rel=\"noreferrer noopener\">Elinstallat\u00f6ren<\/a><\/p>\n\n<p>\u201cDet finns ingen extern kontroll \u00f6ver verkliga vibrationsv\u00e4rden och vi kan inte lita p\u00e5 tillverkarnas specifikationer\u201d Jakob Riddar, fr\u00e5n Arbets- och milj\u00f6relaterad medicin vid Lunds universitet.<\/p>\n\n<p><a href=\"https:\/\/tidningenelektrikern.se\/2018\/01\/09\/byggnads-kraver-sanktioner-mot-skadliga-vibrationer\/\" target=\"_blank\" rel=\"noreferrer noopener\">Elinstallat\u00f6ren som citerar en rapport fr\u00e5n Byggnadsarbetarf\u00f6rbundet<\/a><\/p>\n\n<p>\u201cN\u00e4r f\u00f6retagen inte riskerar sanktioner \u00e4r de mindre motiverade att f\u00f6lja lagstiftningen vad g\u00e4ller arbetarskydd. De som slarvar kan kalkylera med p\u00e5tagliga vinster\u201d Johan Lindholm, ordf\u00f6rande f\u00f6r Svenska Byggnadsarbetarf\u00f6rbundet.<\/p>\n\n<p><a href=\"https:\/\/samssverige.se\/wp-content\/uploads\/2020\/05\/FTF-2018-Vibrationer_Stefan.pdf\" target=\"_blank\" rel=\"noreferrer noopener\">FTF-2018-Vibrationer_Stefan.pdf (samssverige.se)<\/a><\/p>\n\n<p><a href=\"https:\/\/samssverige.se\/wp-content\/uploads\/2020\/05\/FTF-2018-Vibrationer_Stefan.pdf\" target=\"_blank\" rel=\"noreferrer noopener\">Region \u00d6sterg\u00f6tland,<\/a> avdelning f\u00f6r arbets- och milj\u00f6relaterad medicin, en PDF om vibrationsskador, med illustrativa foton och med en uppmaning att s\u00e4tta tryck p\u00e5 maskintillverkare.<\/p>\n\n<p>\u201cUpphandlingsspecifikationerna m\u00e5ste inkludera vibrationsniv\u00e5er \u2013 vi m\u00e5ste skapa en efterfr\u00e5gan p\u00e5 maskiner med l\u00e5ga vibrationer\u201d<\/p>\n\n<p><a href=\"https:\/\/www.arbetarskydd.se\/tidningen\/machokultur-rader-men-nervskador-ar-inte-okej-6568852\" target=\"_blank\" rel=\"noreferrer noopener\">Arbetarskydd \u2013 med tv\u00e5 citat:<\/a><\/p>\n\n<p>\u201cDet r\u00e5der en machokultur, men nervskador \u00e4r aldrig OK\u201d<\/p>\n\n<p>\u201cDetta \u00e4r en on\u00f6dig sjukdom som ingen skulle beh\u00f6va f\u00e5 om allt gjordes r\u00e4tt fr\u00e5n b\u00f6rjan.\u201d, Catarina Nordander, gruppledare f\u00f6r forskningsgruppen kring Work Related disorders in Motion Organs vid avd f\u00f6r arbets- och milj\u00f6relaterad medicin vid Lunds University. (Catarina har ocks\u00e5 deltagit I en studie om vibrationsrelaterade skador bland snickare och m\u00e5lare, <a href=\"https:\/\/occup-med.biomedcentral.com\/articles\/10.1186\/s12995-021-00305-3\">se l\u00e4nk.<\/a>)<\/p>\n\n<p><a href=\"https:\/\/www.sis.se\/standardutveckling\/tksidor\/tk100199\/sistk109\/nyheter\/hej-hans-lindell-fran-rise\/\" target=\"_blank\" rel=\"noreferrer noopener\">Svenska Standardiseringsinstitutet<\/a>, intervju med Hans Lindell, med ett nyckelcitat<\/p>\n\n<p>\u201dMedvetenheten om vibrationsskadorna m\u00e5ste \u00f6ka och att anv\u00e4ndarna i alla led st\u00e4ller krav p\u00e5 b\u00e4ttre maskiner samt att informera om att det g\u00e5r att g\u00f6ra n\u00e5gonting \u00e5t grundproblemet som \u00e4r att maskiner vibrerar. Detta kommer att skapa en efterfr\u00e5gan p\u00e5 l\u00e5gvibrerande maskiner som driver p\u00e5 utvecklingen. P\u00e5 sikt s\u00e5 b\u00f6r &#8221;utsl\u00e4pp&#8221; av vibrationer begr\u00e4nsas precis p\u00e5 samma s\u00e4tt som det g\u00f6rs idag vad g\u00e4ller alla andra &#8221;utsl\u00e4pp&#8221; som ljud, avgasemissioner, br\u00e4nslef\u00f6rbrukning med mera. S\u00e5 att ansvaret l\u00e4ggs \u00f6ver fr\u00e5n anv\u00e4ndare till tillverkaren av maskiner\u201d<\/p>\n\n<p><a href=\"https:\/\/www.dackdebatt.se\/teknik\/arbetsmiljo\/e\/88\/sa-undviker-du-att-fa-vita-fingrar-av-vibrationer\/\" target=\"_blank\" rel=\"noreferrer noopener\">D\u00e4ckdebatt \u2013 Sveriges ledande d\u00e4cktidning<\/a><\/p>\n\n<p>En artikel som v\u00e4l beskriver effekterna av vibrationsrelaterade skador. Vi citerar den h\u00e4r tidskriften f\u00f6r att visa att vibrationer \u00e4r ett problem i m\u00e5nga yrkeskategorier.<\/p>\n\n<p><a href=\"https:\/\/da.se\/2019\/02\/vibrationsskadade-patienter-ar-en-del-av-var-vardag\/\" target=\"_blank\" rel=\"noreferrer noopener\">Dagens Arbete<\/a>, med intervju av forskningsteamet vid Lunds universitet ang. deras vibrationsstudie.<\/p>\n\n<p>\u201cDen b\u00e4sta l\u00f6sningen vore totalt f\u00f6rbud f\u00f6r maskiner med mycket h\u00f6ga vibrationer. Det skulle tvinga fram den tekniska utvecklingen\u201d<\/p>\n\n<p><a href=\"https:\/\/www.tandlakartidningen.se\/arkivet\/nyhet\/bristfallig-standard-%c2%addoljer-vibrationsproblem\/\" target=\"_blank\" rel=\"noreferrer noopener\">Tandl\u00e4kartidningen<\/a><\/p>\n\n<p>\u201dHos tandl\u00e4kare kan det yttra sig som s\u00e4mre finmotorik, stickande k\u00e4nsla i fingrarna och sv\u00e5rt att k\u00e4nna temperaturskillnader\u201d.<\/p>\n\n<p><a href=\"https:\/\/www.youtube.com\/watch?v=2LPsYihDfrc\" target=\"_blank\" rel=\"noreferrer noopener\">Youtube film fr\u00e5n SKANSKA om vibrationer<\/a><\/p>\n\n<p>\u201c I Skanskas h\u00e4lsounders\u00f6kningar framg\u00e5r att ungef\u00e4r 40 procent av kvalificerade arbetare har anm\u00e4lt besv\u00e4r med symptom som orsakas av vibrationer.\u201d<\/p>\n","protected":false},"excerpt":{"rendered":"<p>The ZeroVib project has become well-known in Sweden, as reflected by the following selection of articles that have appeared in trade union magazines, medical seminars, portals and other public forum. The links are to articles in Swedish, but at each link there is information about the type of publication and some key quotes from the&hellip; <a class=\"more-link\" href=\"https:\/\/www.atva.se\/sv\/nollvib-projektet\/pressklipp\/\">Continue reading <span class=\"screen-reader-text\">Pressklipp<\/span><\/a><\/p>\n","protected":false},"author":1,"featured_media":0,"parent":259,"menu_order":30,"comment_status":"closed","ping_status":"closed","template":"","meta":{"_uag_custom_page_level_css":"","_monsterinsights_skip_tracking":false,"_monsterinsights_sitenote_active":false,"_monsterinsights_sitenote_note":"","_monsterinsights_sitenote_category":0,"footnotes":""},"class_list":["post-267","page","type-page","status-publish","hentry","entry"],"yoast_head":"<!-- This site is optimized with the Yoast SEO plugin v27.5 - https:\/\/yoast.com\/product\/yoast-seo-wordpress\/ -->\n<title>Pressklipp - ATVA License<\/title>\n<meta name=\"robots\" content=\"index, follow, max-snippet:-1, max-image-preview:large, max-video-preview:-1\" \/>\n<link rel=\"canonical\" href=\"https:\/\/www.atva.se\/sv\/nollvib-projektet\/pressklipp\/\" \/>\n<meta property=\"og:locale\" content=\"sv_SE\" \/>\n<meta property=\"og:type\" content=\"article\" \/>\n<meta property=\"og:title\" content=\"Pressklipp - ATVA License\" \/>\n<meta property=\"og:description\" content=\"The ZeroVib project has become well-known in Sweden, as reflected by the following selection of articles that have appeared in trade union magazines, medical seminars, portals and other public forum. The links are to articles in Swedish, but at each link there is information about the type of publication and some key quotes from the&hellip; Continue reading Pressklipp\" \/>\n<meta property=\"og:url\" content=\"https:\/\/www.atva.se\/sv\/nollvib-projektet\/pressklipp\/\" \/>\n<meta property=\"og:site_name\" content=\"ATVA License\" \/>\n<meta property=\"article:modified_time\" content=\"2022-01-25T14:36:19+00:00\" \/>\n<meta property=\"og:image\" content=\"https:\/\/www.atva.se\/wp-content\/uploads\/2021\/10\/atva-graph.png\" \/>\n<meta name=\"twitter:card\" content=\"summary_large_image\" \/>\n<meta name=\"twitter:label1\" content=\"Ber\u00e4knad l\u00e4stid\" \/>\n\t<meta name=\"twitter:data1\" content=\"4 minuter\" \/>\n<script type=\"application\/ld+json\" class=\"yoast-schema-graph\">{\"@context\":\"https:\\\/\\\/schema.org\",\"@graph\":[{\"@type\":\"WebPage\",\"@id\":\"https:\\\/\\\/www.atva.se\\\/sv\\\/nollvib-projektet\\\/pressklipp\\\/\",\"url\":\"https:\\\/\\\/www.atva.se\\\/sv\\\/nollvib-projektet\\\/pressklipp\\\/\",\"name\":\"Pressklipp - ATVA License\",\"isPartOf\":{\"@id\":\"https:\\\/\\\/www.atva.se\\\/sv\\\/#website\"},\"primaryImageOfPage\":{\"@id\":\"https:\\\/\\\/www.atva.se\\\/sv\\\/nollvib-projektet\\\/pressklipp\\\/#primaryimage\"},\"image\":{\"@id\":\"https:\\\/\\\/www.atva.se\\\/sv\\\/nollvib-projektet\\\/pressklipp\\\/#primaryimage\"},\"thumbnailUrl\":\"https:\\\/\\\/www.atva.se\\\/wp-content\\\/uploads\\\/2021\\\/10\\\/atva-graph.png\",\"datePublished\":\"2022-01-22T12:21:15+00:00\",\"dateModified\":\"2022-01-25T14:36:19+00:00\",\"breadcrumb\":{\"@id\":\"https:\\\/\\\/www.atva.se\\\/sv\\\/nollvib-projektet\\\/pressklipp\\\/#breadcrumb\"},\"inLanguage\":\"sv-SE\",\"potentialAction\":[{\"@type\":\"ReadAction\",\"target\":[\"https:\\\/\\\/www.atva.se\\\/sv\\\/nollvib-projektet\\\/pressklipp\\\/\"]}]},{\"@type\":\"ImageObject\",\"inLanguage\":\"sv-SE\",\"@id\":\"https:\\\/\\\/www.atva.se\\\/sv\\\/nollvib-projektet\\\/pressklipp\\\/#primaryimage\",\"url\":\"https:\\\/\\\/www.atva.se\\\/wp-content\\\/uploads\\\/2021\\\/10\\\/atva-graph.png\",\"contentUrl\":\"https:\\\/\\\/www.atva.se\\\/wp-content\\\/uploads\\\/2021\\\/10\\\/atva-graph.png\"},{\"@type\":\"BreadcrumbList\",\"@id\":\"https:\\\/\\\/www.atva.se\\\/sv\\\/nollvib-projektet\\\/pressklipp\\\/#breadcrumb\",\"itemListElement\":[{\"@type\":\"ListItem\",\"position\":1,\"name\":\"Home\",\"item\":\"https:\\\/\\\/www.atva.se\\\/sv\\\/\"},{\"@type\":\"ListItem\",\"position\":2,\"name\":\"NollVib-projektet\",\"item\":\"https:\\\/\\\/www.atva.se\\\/sv\\\/nollvib-projektet\\\/\"},{\"@type\":\"ListItem\",\"position\":3,\"name\":\"Pressklipp\"}]},{\"@type\":\"WebSite\",\"@id\":\"https:\\\/\\\/www.atva.se\\\/sv\\\/#website\",\"url\":\"https:\\\/\\\/www.atva.se\\\/sv\\\/\",\"name\":\"ATVA License\",\"description\":\"Zero Vibrations\",\"publisher\":{\"@id\":\"https:\\\/\\\/www.atva.se\\\/sv\\\/#organization\"},\"potentialAction\":[{\"@type\":\"SearchAction\",\"target\":{\"@type\":\"EntryPoint\",\"urlTemplate\":\"https:\\\/\\\/www.atva.se\\\/sv\\\/?s={search_term_string}\"},\"query-input\":{\"@type\":\"PropertyValueSpecification\",\"valueRequired\":true,\"valueName\":\"search_term_string\"}}],\"inLanguage\":\"sv-SE\"},{\"@type\":\"Organization\",\"@id\":\"https:\\\/\\\/www.atva.se\\\/sv\\\/#organization\",\"name\":\"ATVA License\",\"url\":\"https:\\\/\\\/www.atva.se\\\/sv\\\/\",\"logo\":{\"@type\":\"ImageObject\",\"inLanguage\":\"sv-SE\",\"@id\":\"https:\\\/\\\/www.atva.se\\\/sv\\\/#\\\/schema\\\/logo\\\/image\\\/\",\"url\":\"https:\\\/\\\/www.atva.se\\\/wp-content\\\/uploads\\\/2021\\\/09\\\/atva-license-logo.png\",\"contentUrl\":\"https:\\\/\\\/www.atva.se\\\/wp-content\\\/uploads\\\/2021\\\/09\\\/atva-license-logo.png\",\"width\":1435,\"height\":193,\"caption\":\"ATVA License\"},\"image\":{\"@id\":\"https:\\\/\\\/www.atva.se\\\/sv\\\/#\\\/schema\\\/logo\\\/image\\\/\"}}]}<\/script>\n<!-- \/ Yoast SEO plugin. -->","yoast_head_json":{"title":"Pressklipp - ATVA License","robots":{"index":"index","follow":"follow","max-snippet":"max-snippet:-1","max-image-preview":"max-image-preview:large","max-video-preview":"max-video-preview:-1"},"canonical":"https:\/\/www.atva.se\/sv\/nollvib-projektet\/pressklipp\/","og_locale":"sv_SE","og_type":"article","og_title":"Pressklipp - ATVA License","og_description":"The ZeroVib project has become well-known in Sweden, as reflected by the following selection of articles that have appeared in trade union magazines, medical seminars, portals and other public forum. The links are to articles in Swedish, but at each link there is information about the type of publication and some key quotes from the&hellip; Continue reading Pressklipp","og_url":"https:\/\/www.atva.se\/sv\/nollvib-projektet\/pressklipp\/","og_site_name":"ATVA License","article_modified_time":"2022-01-25T14:36:19+00:00","og_image":[{"url":"https:\/\/www.atva.se\/wp-content\/uploads\/2021\/10\/atva-graph.png","type":"","width":"","height":""}],"twitter_card":"summary_large_image","twitter_misc":{"Ber\u00e4knad l\u00e4stid":"4 minuter"},"schema":{"@context":"https:\/\/schema.org","@graph":[{"@type":"WebPage","@id":"https:\/\/www.atva.se\/sv\/nollvib-projektet\/pressklipp\/","url":"https:\/\/www.atva.se\/sv\/nollvib-projektet\/pressklipp\/","name":"Pressklipp - ATVA License","isPartOf":{"@id":"https:\/\/www.atva.se\/sv\/#website"},"primaryImageOfPage":{"@id":"https:\/\/www.atva.se\/sv\/nollvib-projektet\/pressklipp\/#primaryimage"},"image":{"@id":"https:\/\/www.atva.se\/sv\/nollvib-projektet\/pressklipp\/#primaryimage"},"thumbnailUrl":"https:\/\/www.atva.se\/wp-content\/uploads\/2021\/10\/atva-graph.png","datePublished":"2022-01-22T12:21:15+00:00","dateModified":"2022-01-25T14:36:19+00:00","breadcrumb":{"@id":"https:\/\/www.atva.se\/sv\/nollvib-projektet\/pressklipp\/#breadcrumb"},"inLanguage":"sv-SE","potentialAction":[{"@type":"ReadAction","target":["https:\/\/www.atva.se\/sv\/nollvib-projektet\/pressklipp\/"]}]},{"@type":"ImageObject","inLanguage":"sv-SE","@id":"https:\/\/www.atva.se\/sv\/nollvib-projektet\/pressklipp\/#primaryimage","url":"https:\/\/www.atva.se\/wp-content\/uploads\/2021\/10\/atva-graph.png","contentUrl":"https:\/\/www.atva.se\/wp-content\/uploads\/2021\/10\/atva-graph.png"},{"@type":"BreadcrumbList","@id":"https:\/\/www.atva.se\/sv\/nollvib-projektet\/pressklipp\/#breadcrumb","itemListElement":[{"@type":"ListItem","position":1,"name":"Home","item":"https:\/\/www.atva.se\/sv\/"},{"@type":"ListItem","position":2,"name":"NollVib-projektet","item":"https:\/\/www.atva.se\/sv\/nollvib-projektet\/"},{"@type":"ListItem","position":3,"name":"Pressklipp"}]},{"@type":"WebSite","@id":"https:\/\/www.atva.se\/sv\/#website","url":"https:\/\/www.atva.se\/sv\/","name":"ATVA License","description":"Zero Vibrations","publisher":{"@id":"https:\/\/www.atva.se\/sv\/#organization"},"potentialAction":[{"@type":"SearchAction","target":{"@type":"EntryPoint","urlTemplate":"https:\/\/www.atva.se\/sv\/?s={search_term_string}"},"query-input":{"@type":"PropertyValueSpecification","valueRequired":true,"valueName":"search_term_string"}}],"inLanguage":"sv-SE"},{"@type":"Organization","@id":"https:\/\/www.atva.se\/sv\/#organization","name":"ATVA License","url":"https:\/\/www.atva.se\/sv\/","logo":{"@type":"ImageObject","inLanguage":"sv-SE","@id":"https:\/\/www.atva.se\/sv\/#\/schema\/logo\/image\/","url":"https:\/\/www.atva.se\/wp-content\/uploads\/2021\/09\/atva-license-logo.png","contentUrl":"https:\/\/www.atva.se\/wp-content\/uploads\/2021\/09\/atva-license-logo.png","width":1435,"height":193,"caption":"ATVA License"},"image":{"@id":"https:\/\/www.atva.se\/sv\/#\/schema\/logo\/image\/"}}]}},"uagb_featured_image_src":{"full":false,"thumbnail":false,"medium":false,"medium_large":false,"large":false,"1536x1536":false,"2048x2048":false,"post-thumbnail":false},"uagb_author_info":{"display_name":"atva-admin","author_link":"https:\/\/www.atva.se\/sv\/author\/atva-admin\/"},"uagb_comment_info":0,"uagb_excerpt":"The ZeroVib project has become well-known in Sweden, as reflected by the following selection of articles that have appeared in trade union magazines, medical seminars, portals and other public forum. The links are to articles in Swedish, but at each link there is information about the type of publication and some key quotes from the&hellip;&hellip;","_links":{"self":[{"href":"https:\/\/www.atva.se\/sv\/wp-json\/wp\/v2\/pages\/267","targetHints":{"allow":["GET"]}}],"collection":[{"href":"https:\/\/www.atva.se\/sv\/wp-json\/wp\/v2\/pages"}],"about":[{"href":"https:\/\/www.atva.se\/sv\/wp-json\/wp\/v2\/types\/page"}],"author":[{"embeddable":true,"href":"https:\/\/www.atva.se\/sv\/wp-json\/wp\/v2\/users\/1"}],"replies":[{"embeddable":true,"href":"https:\/\/www.atva.se\/sv\/wp-json\/wp\/v2\/comments?post=267"}],"version-history":[{"count":9,"href":"https:\/\/www.atva.se\/sv\/wp-json\/wp\/v2\/pages\/267\/revisions"}],"predecessor-version":[{"id":331,"href":"https:\/\/www.atva.se\/sv\/wp-json\/wp\/v2\/pages\/267\/revisions\/331"}],"up":[{"embeddable":true,"href":"https:\/\/www.atva.se\/sv\/wp-json\/wp\/v2\/pages\/259"}],"wp:attachment":[{"href":"https:\/\/www.atva.se\/sv\/wp-json\/wp\/v2\/media?parent=267"}],"curies":[{"name":"wp","href":"https:\/\/api.w.org\/{rel}","templated":true}]}}