{"id":261,"date":"2022-01-22T12:17:43","date_gmt":"2022-01-22T12:17:43","guid":{"rendered":"https:\/\/www.atva.se\/the-zero-vibration-project\/companies-and-organisations-participating-in-the-zerovib-project\/"},"modified":"2022-01-25T14:25:14","modified_gmt":"2022-01-25T14:25:14","slug":"companies-and-organisations-participating-in-the-zerovib-project","status":"publish","type":"page","link":"https:\/\/www.atva.se\/sv\/nollvib-projektet\/companies-and-organisations-participating-in-the-zerovib-project\/","title":{"rendered":"Deltagande f\u00f6retag och organisationer i projektet Nollvib"},"content":{"rendered":"\n<ul class=\"wp-block-list\"><li>Alfa Laval \u2013 tillverkare av blandningsutrustning<\/li><li>Arbetsmilj\u00f6verket- Myndighet f\u00f6r arbetsmilj\u00f6<\/li><li>Atlas Copco \u2013 tillverkare av byggnadsutrustning<\/li><li>Bender Sverige AB \u2013 del\u00e4gare av ATVA Licence Group<\/li><li>Betongh\u00e5ltagning AB \u2013 betongentrepren\u00f6r<\/li><li>Bilia \u2013 bilreparation<\/li><li>Bohus Granit \u2013 stenbrott<\/li><li>Byggnads- fackf\u00f6rening f\u00f6r byggnadsarbetare<\/li><li>Chalmers \u2013 Universitet i G\u00f6teborg<\/li><li>Chicago Pneumatic \u2013 tillverkare av elverktyg<\/li><li>Emmaboda Granit \u2013 stenbrott<\/li><li>Finnvedens Lastvagnar \u2013 lastbilsservice- och reparation<\/li><li>H\u00f6gan\u00e4s \u2013 tillverkare av metalpulver<\/li><li>IF Metall \u2013 Fackf\u00f6rening f\u00f6r metallarbetare<\/li><li>Naturstenskompaniet International AB \u2013 del\u00e4gare av ATVA Licence Group.<\/li><li>NCC \u2013 byggf\u00f6retag<\/li><li>RISE &#8211; Research Institutes of Sweden, ZeroVib dpt<\/li><li>Scandinavian Stone \u2013 stenbrott<\/li><li>Skanska &#8211; byggf\u00f6retag<\/li><li>Sveriges Byggnadsindustrier \u2013 f\u00f6rening av f\u00f6retag inom byggbranschen<\/li><li>Swedish Rental \u2013 f\u00f6rening av f\u00f6retag inom verktygsuthyrningsbranschen<\/li><li>Swepac \u2013 tillverkare av betongutrustning<\/li><li>Teknikf\u00f6retagen \u2013 arbetsgivarorganisation<\/li><li>TM Verkstad &#8211; tillverkare av ATVA<img loading=\"lazy\" decoding=\"async\" width=\"7\" height=\"14\" src=\"\"\/> utrustade prototyper<\/li><li>Transportf\u00f6retagen \u2013 f\u00f6rening av av f\u00f6retag inom transportbranschen<\/li><li>G\u00f6teborgs universitet<\/li><li>Lunds universitet<\/li><li>Malm\u00f6 universitet<\/li><li>Ume\u00e5 universitet<\/li><li>Vinnova \u2013 myndighet f\u00f6r innovation<\/li><li>Volvo Construction Equipment- tillverkare av entreprenadmaskiner<\/li><li>Xylem \u2013 tillverkare av pumpar och blandare<\/li><\/ul>\n","protected":false},"excerpt":{"rendered":"<p>Alfa Laval \u2013 tillverkare av blandningsutrustning Arbetsmilj\u00f6verket- Myndighet f\u00f6r arbetsmilj\u00f6 Atlas Copco \u2013 tillverkare av byggnadsutrustning Bender Sverige AB \u2013 del\u00e4gare av ATVA Licence Group Betongh\u00e5ltagning AB \u2013 betongentrepren\u00f6r Bilia \u2013 bilreparation Bohus Granit \u2013 stenbrott Byggnads- fackf\u00f6rening f\u00f6r byggnadsarbetare Chalmers \u2013 Universitet i G\u00f6teborg Chicago Pneumatic \u2013 tillverkare av elverktyg Emmaboda Granit \u2013 stenbrott&hellip; <a class=\"more-link\" href=\"https:\/\/www.atva.se\/sv\/nollvib-projektet\/companies-and-organisations-participating-in-the-zerovib-project\/\">Continue reading <span class=\"screen-reader-text\">Deltagande f\u00f6retag och organisationer i projektet Nollvib<\/span><\/a><\/p>\n","protected":false},"author":1,"featured_media":0,"parent":259,"menu_order":10,"comment_status":"closed","ping_status":"closed","template":"","meta":{"_uag_custom_page_level_css":"","_monsterinsights_skip_tracking":false,"_monsterinsights_sitenote_active":false,"_monsterinsights_sitenote_note":"","_monsterinsights_sitenote_category":0,"footnotes":""},"class_list":["post-261","page","type-page","status-publish","hentry","entry"],"yoast_head":"<!-- This site is optimized with the Yoast SEO plugin v27.5 - https:\/\/yoast.com\/product\/yoast-seo-wordpress\/ -->\n<title>Deltagande f\u00f6retag och organisationer i projektet Nollvib - ATVA License<\/title>\n<meta name=\"robots\" content=\"index, follow, max-snippet:-1, max-image-preview:large, max-video-preview:-1\" \/>\n<link rel=\"canonical\" href=\"https:\/\/www.atva.se\/sv\/nollvib-projektet\/companies-and-organisations-participating-in-the-zerovib-project\/\" \/>\n<meta property=\"og:locale\" content=\"sv_SE\" \/>\n<meta property=\"og:type\" content=\"article\" \/>\n<meta property=\"og:title\" content=\"Deltagande f\u00f6retag och organisationer i projektet Nollvib - ATVA License\" \/>\n<meta property=\"og:description\" content=\"Alfa Laval \u2013 tillverkare av blandningsutrustning Arbetsmilj\u00f6verket- Myndighet f\u00f6r arbetsmilj\u00f6 Atlas Copco \u2013 tillverkare av byggnadsutrustning Bender Sverige AB \u2013 del\u00e4gare av ATVA Licence Group Betongh\u00e5ltagning AB \u2013 betongentrepren\u00f6r Bilia \u2013 bilreparation Bohus Granit \u2013 stenbrott Byggnads- fackf\u00f6rening f\u00f6r byggnadsarbetare Chalmers \u2013 Universitet i G\u00f6teborg Chicago Pneumatic \u2013 tillverkare av elverktyg Emmaboda Granit \u2013 stenbrott&hellip; Continue reading Deltagande f\u00f6retag och organisationer i projektet Nollvib\" \/>\n<meta property=\"og:url\" content=\"https:\/\/www.atva.se\/sv\/nollvib-projektet\/companies-and-organisations-participating-in-the-zerovib-project\/\" \/>\n<meta property=\"og:site_name\" content=\"ATVA License\" \/>\n<meta property=\"article:modified_time\" content=\"2022-01-25T14:25:14+00:00\" \/>\n<meta name=\"twitter:card\" content=\"summary_large_image\" \/>\n<meta name=\"twitter:label1\" content=\"Ber\u00e4knad l\u00e4stid\" \/>\n\t<meta name=\"twitter:data1\" content=\"1 minut\" \/>\n<script type=\"application\/ld+json\" class=\"yoast-schema-graph\">{\"@context\":\"https:\\\/\\\/schema.org\",\"@graph\":[{\"@type\":\"WebPage\",\"@id\":\"https:\\\/\\\/www.atva.se\\\/sv\\\/nollvib-projektet\\\/companies-and-organisations-participating-in-the-zerovib-project\\\/\",\"url\":\"https:\\\/\\\/www.atva.se\\\/sv\\\/nollvib-projektet\\\/companies-and-organisations-participating-in-the-zerovib-project\\\/\",\"name\":\"Deltagande f\u00f6retag och organisationer i projektet Nollvib - ATVA License\",\"isPartOf\":{\"@id\":\"https:\\\/\\\/www.atva.se\\\/sv\\\/#website\"},\"datePublished\":\"2022-01-22T12:17:43+00:00\",\"dateModified\":\"2022-01-25T14:25:14+00:00\",\"breadcrumb\":{\"@id\":\"https:\\\/\\\/www.atva.se\\\/sv\\\/nollvib-projektet\\\/companies-and-organisations-participating-in-the-zerovib-project\\\/#breadcrumb\"},\"inLanguage\":\"sv-SE\",\"potentialAction\":[{\"@type\":\"ReadAction\",\"target\":[\"https:\\\/\\\/www.atva.se\\\/sv\\\/nollvib-projektet\\\/companies-and-organisations-participating-in-the-zerovib-project\\\/\"]}]},{\"@type\":\"BreadcrumbList\",\"@id\":\"https:\\\/\\\/www.atva.se\\\/sv\\\/nollvib-projektet\\\/companies-and-organisations-participating-in-the-zerovib-project\\\/#breadcrumb\",\"itemListElement\":[{\"@type\":\"ListItem\",\"position\":1,\"name\":\"Home\",\"item\":\"https:\\\/\\\/www.atva.se\\\/sv\\\/\"},{\"@type\":\"ListItem\",\"position\":2,\"name\":\"NollVib-projektet\",\"item\":\"https:\\\/\\\/www.atva.se\\\/sv\\\/nollvib-projektet\\\/\"},{\"@type\":\"ListItem\",\"position\":3,\"name\":\"Deltagande f\u00f6retag och organisationer i projektet Nollvib\"}]},{\"@type\":\"WebSite\",\"@id\":\"https:\\\/\\\/www.atva.se\\\/sv\\\/#website\",\"url\":\"https:\\\/\\\/www.atva.se\\\/sv\\\/\",\"name\":\"ATVA License\",\"description\":\"Zero Vibrations\",\"publisher\":{\"@id\":\"https:\\\/\\\/www.atva.se\\\/sv\\\/#organization\"},\"potentialAction\":[{\"@type\":\"SearchAction\",\"target\":{\"@type\":\"EntryPoint\",\"urlTemplate\":\"https:\\\/\\\/www.atva.se\\\/sv\\\/?s={search_term_string}\"},\"query-input\":{\"@type\":\"PropertyValueSpecification\",\"valueRequired\":true,\"valueName\":\"search_term_string\"}}],\"inLanguage\":\"sv-SE\"},{\"@type\":\"Organization\",\"@id\":\"https:\\\/\\\/www.atva.se\\\/sv\\\/#organization\",\"name\":\"ATVA License\",\"url\":\"https:\\\/\\\/www.atva.se\\\/sv\\\/\",\"logo\":{\"@type\":\"ImageObject\",\"inLanguage\":\"sv-SE\",\"@id\":\"https:\\\/\\\/www.atva.se\\\/sv\\\/#\\\/schema\\\/logo\\\/image\\\/\",\"url\":\"https:\\\/\\\/www.atva.se\\\/wp-content\\\/uploads\\\/2021\\\/09\\\/atva-license-logo.png\",\"contentUrl\":\"https:\\\/\\\/www.atva.se\\\/wp-content\\\/uploads\\\/2021\\\/09\\\/atva-license-logo.png\",\"width\":1435,\"height\":193,\"caption\":\"ATVA License\"},\"image\":{\"@id\":\"https:\\\/\\\/www.atva.se\\\/sv\\\/#\\\/schema\\\/logo\\\/image\\\/\"}}]}<\/script>\n<!-- \/ Yoast SEO plugin. -->","yoast_head_json":{"title":"Deltagande f\u00f6retag och organisationer i projektet Nollvib - ATVA License","robots":{"index":"index","follow":"follow","max-snippet":"max-snippet:-1","max-image-preview":"max-image-preview:large","max-video-preview":"max-video-preview:-1"},"canonical":"https:\/\/www.atva.se\/sv\/nollvib-projektet\/companies-and-organisations-participating-in-the-zerovib-project\/","og_locale":"sv_SE","og_type":"article","og_title":"Deltagande f\u00f6retag och organisationer i projektet Nollvib - ATVA License","og_description":"Alfa Laval \u2013 tillverkare av blandningsutrustning Arbetsmilj\u00f6verket- Myndighet f\u00f6r arbetsmilj\u00f6 Atlas Copco \u2013 tillverkare av byggnadsutrustning Bender Sverige AB \u2013 del\u00e4gare av ATVA Licence Group Betongh\u00e5ltagning AB \u2013 betongentrepren\u00f6r Bilia \u2013 bilreparation Bohus Granit \u2013 stenbrott Byggnads- fackf\u00f6rening f\u00f6r byggnadsarbetare Chalmers \u2013 Universitet i G\u00f6teborg Chicago Pneumatic \u2013 tillverkare av elverktyg Emmaboda Granit \u2013 stenbrott&hellip; Continue reading Deltagande f\u00f6retag och organisationer i projektet Nollvib","og_url":"https:\/\/www.atva.se\/sv\/nollvib-projektet\/companies-and-organisations-participating-in-the-zerovib-project\/","og_site_name":"ATVA License","article_modified_time":"2022-01-25T14:25:14+00:00","twitter_card":"summary_large_image","twitter_misc":{"Ber\u00e4knad l\u00e4stid":"1 minut"},"schema":{"@context":"https:\/\/schema.org","@graph":[{"@type":"WebPage","@id":"https:\/\/www.atva.se\/sv\/nollvib-projektet\/companies-and-organisations-participating-in-the-zerovib-project\/","url":"https:\/\/www.atva.se\/sv\/nollvib-projektet\/companies-and-organisations-participating-in-the-zerovib-project\/","name":"Deltagande f\u00f6retag och organisationer i projektet Nollvib - ATVA License","isPartOf":{"@id":"https:\/\/www.atva.se\/sv\/#website"},"datePublished":"2022-01-22T12:17:43+00:00","dateModified":"2022-01-25T14:25:14+00:00","breadcrumb":{"@id":"https:\/\/www.atva.se\/sv\/nollvib-projektet\/companies-and-organisations-participating-in-the-zerovib-project\/#breadcrumb"},"inLanguage":"sv-SE","potentialAction":[{"@type":"ReadAction","target":["https:\/\/www.atva.se\/sv\/nollvib-projektet\/companies-and-organisations-participating-in-the-zerovib-project\/"]}]},{"@type":"BreadcrumbList","@id":"https:\/\/www.atva.se\/sv\/nollvib-projektet\/companies-and-organisations-participating-in-the-zerovib-project\/#breadcrumb","itemListElement":[{"@type":"ListItem","position":1,"name":"Home","item":"https:\/\/www.atva.se\/sv\/"},{"@type":"ListItem","position":2,"name":"NollVib-projektet","item":"https:\/\/www.atva.se\/sv\/nollvib-projektet\/"},{"@type":"ListItem","position":3,"name":"Deltagande f\u00f6retag och organisationer i projektet Nollvib"}]},{"@type":"WebSite","@id":"https:\/\/www.atva.se\/sv\/#website","url":"https:\/\/www.atva.se\/sv\/","name":"ATVA License","description":"Zero Vibrations","publisher":{"@id":"https:\/\/www.atva.se\/sv\/#organization"},"potentialAction":[{"@type":"SearchAction","target":{"@type":"EntryPoint","urlTemplate":"https:\/\/www.atva.se\/sv\/?s={search_term_string}"},"query-input":{"@type":"PropertyValueSpecification","valueRequired":true,"valueName":"search_term_string"}}],"inLanguage":"sv-SE"},{"@type":"Organization","@id":"https:\/\/www.atva.se\/sv\/#organization","name":"ATVA License","url":"https:\/\/www.atva.se\/sv\/","logo":{"@type":"ImageObject","inLanguage":"sv-SE","@id":"https:\/\/www.atva.se\/sv\/#\/schema\/logo\/image\/","url":"https:\/\/www.atva.se\/wp-content\/uploads\/2021\/09\/atva-license-logo.png","contentUrl":"https:\/\/www.atva.se\/wp-content\/uploads\/2021\/09\/atva-license-logo.png","width":1435,"height":193,"caption":"ATVA License"},"image":{"@id":"https:\/\/www.atva.se\/sv\/#\/schema\/logo\/image\/"}}]}},"uagb_featured_image_src":{"full":false,"thumbnail":false,"medium":false,"medium_large":false,"large":false,"1536x1536":false,"2048x2048":false,"post-thumbnail":false},"uagb_author_info":{"display_name":"atva-admin","author_link":"https:\/\/www.atva.se\/sv\/author\/atva-admin\/"},"uagb_comment_info":0,"uagb_excerpt":"Alfa Laval \u2013 tillverkare av blandningsutrustning Arbetsmilj\u00f6verket- Myndighet f\u00f6r arbetsmilj\u00f6 Atlas Copco \u2013 tillverkare av byggnadsutrustning Bender Sverige AB \u2013 del\u00e4gare av ATVA Licence Group Betongh\u00e5ltagning AB \u2013 betongentrepren\u00f6r Bilia \u2013 bilreparation Bohus Granit \u2013 stenbrott Byggnads- fackf\u00f6rening f\u00f6r byggnadsarbetare Chalmers \u2013 Universitet i G\u00f6teborg Chicago Pneumatic \u2013 tillverkare av elverktyg Emmaboda Granit \u2013 stenbrott&hellip;&hellip;","_links":{"self":[{"href":"https:\/\/www.atva.se\/sv\/wp-json\/wp\/v2\/pages\/261","targetHints":{"allow":["GET"]}}],"collection":[{"href":"https:\/\/www.atva.se\/sv\/wp-json\/wp\/v2\/pages"}],"about":[{"href":"https:\/\/www.atva.se\/sv\/wp-json\/wp\/v2\/types\/page"}],"author":[{"embeddable":true,"href":"https:\/\/www.atva.se\/sv\/wp-json\/wp\/v2\/users\/1"}],"replies":[{"embeddable":true,"href":"https:\/\/www.atva.se\/sv\/wp-json\/wp\/v2\/comments?post=261"}],"version-history":[{"count":9,"href":"https:\/\/www.atva.se\/sv\/wp-json\/wp\/v2\/pages\/261\/revisions"}],"predecessor-version":[{"id":327,"href":"https:\/\/www.atva.se\/sv\/wp-json\/wp\/v2\/pages\/261\/revisions\/327"}],"up":[{"embeddable":true,"href":"https:\/\/www.atva.se\/sv\/wp-json\/wp\/v2\/pages\/259"}],"wp:attachment":[{"href":"https:\/\/www.atva.se\/sv\/wp-json\/wp\/v2\/media?parent=261"}],"curies":[{"name":"wp","href":"https:\/\/api.w.org\/{rel}","templated":true}]}}