{"id":259,"date":"2022-01-22T12:17:10","date_gmt":"2022-01-22T12:17:10","guid":{"rendered":"https:\/\/www.atva.se\/the-zero-vibration-project\/"},"modified":"2022-01-26T10:19:18","modified_gmt":"2022-01-26T10:19:18","slug":"nollvib-projektet","status":"publish","type":"page","link":"https:\/\/www.atva.se\/sv\/nollvib-projektet\/","title":{"rendered":"NollVib-projektet"},"content":{"rendered":"\n<p>Vibrationer fr\u00e5n handh\u00e5llna maskiner \u00e4r ett v\u00e4lk\u00e4nt men tyv\u00e4rr stort h\u00e4lsoproblem f\u00f6r hundratusentals arbetare \u00f6ver hela v\u00e4rlden.<\/p>\n\n\n\n<p>Enbart i Sverige \u00e4r 34% av alla arbetsrelaterade skador och l\u00e5ngvarig sjukdom relaterat till skador som uppst\u00e5tt fr\u00e5n vibrationer, enligt en rapport fr\u00e5n Arbetsmilj\u00f6verket.<\/p>\n\n\n\n<p>Det \u00e4r ocks\u00e5 ett avsev\u00e4rt industriellt och ekonomiskt problem eftersom arbetsplatser med h\u00f6g grad av vibrationsexponering inte anses attraktiva.<\/p>\n\n\n\n<p>Det svenska NollVib projektet (Zero Vibrations Project \u201cZeroVib\u201d) \u00e4r en insats f\u00f6r att minka detta problem. I detta projekt som officiellt startade 2013, deltar drygt 20 organisationer, forskningsteam, fackf\u00f6reningar, anv\u00e4ndare och tillverkare i ett samarbete som fortfarande p\u00e5g\u00e5r. Projektet leds av RISE, d\u00e4r Hans Lindell och hans team har arbetat med anti-vibrationsforskning sedan 1990.<\/p>\n\n\n\n<p>NollVib har lett till tv\u00e5 betydande tekniska genombrott och flera f\u00f6rb\u00e4ttringar:<\/p>\n\n\n\n<ol class=\"wp-block-list\" type=\"1\"><li>En ny metod f\u00f6r att minska vibrationerna i roterande maskiner (exempel skruvdragare)<\/li><li>En ny teknik f\u00f6r att reducera vibrationerna i sl\u00e5ende (eng: \u201dimpacting\u201d) maskiner (ex bergborrmaskiner, stampers, kompaktorer etc). Denna teknologi \u00e4r patenterad och kallas ATVA\u2122 f\u00f6r Auto Tuning Vibration Absorber, ungef\u00e4r \u201dAutomatiskt injusterande vibrartionsabsorbent\u201d . Den h\u00e4r webbplatsen publiceras av ATVA\u2122 Licence Group AB, det f\u00f6retag som bildats f\u00f6r att kommersialisera ATVA\u2122-tekniken.<\/li><li>F\u00f6rb\u00e4ttringar g\u00e4llande isolering med konventionella d\u00e4mpningsmetoder.<\/li><\/ol>\n\n\n\n<p>En \u00f6versikt \u00f6ver alla dessa framsteg redovisas i filmen nedan. Du kan ocks\u00e5 hitta mer info p\u00e5 <a href=\"https:\/\/www.ri.se\/en\/what-we-do\/networks\/zerovibcenter\" target=\"_blank\" rel=\"noreferrer noopener\">RISE website<\/a>.<\/p>\n\n\n\n<div style=\"height:40px\" aria-hidden=\"true\" class=\"wp-block-spacer\"><\/div>\n\n\n\n<figure class=\"wp-block-embed alignwide is-type-video is-provider-youtube wp-block-embed-youtube wp-embed-aspect-16-9 wp-has-aspect-ratio\"><div class=\"wp-block-embed__wrapper\">\n<iframe loading=\"lazy\" title=\"Zero vibration-related injuries\" width=\"750\" height=\"422\" src=\"https:\/\/www.youtube.com\/embed\/rr76K2OOXrA?feature=oembed\" frameborder=\"0\" allow=\"accelerometer; autoplay; clipboard-write; encrypted-media; gyroscope; picture-in-picture\" allowfullscreen><\/iframe>\n<\/div><\/figure>\n","protected":false},"excerpt":{"rendered":"<p>Vibrationer fr\u00e5n handh\u00e5llna maskiner \u00e4r ett v\u00e4lk\u00e4nt men tyv\u00e4rr stort h\u00e4lsoproblem f\u00f6r hundratusentals arbetare \u00f6ver hela v\u00e4rlden. Enbart i Sverige \u00e4r 34% av alla arbetsrelaterade skador och l\u00e5ngvarig sjukdom relaterat till skador som uppst\u00e5tt fr\u00e5n vibrationer, enligt en rapport fr\u00e5n Arbetsmilj\u00f6verket. Det \u00e4r ocks\u00e5 ett avsev\u00e4rt industriellt och ekonomiskt problem eftersom arbetsplatser med h\u00f6g grad&hellip; <a class=\"more-link\" href=\"https:\/\/www.atva.se\/sv\/nollvib-projektet\/\">Continue reading <span class=\"screen-reader-text\">NollVib-projektet<\/span><\/a><\/p>\n","protected":false},"author":1,"featured_media":0,"parent":0,"menu_order":90,"comment_status":"closed","ping_status":"closed","template":"","meta":{"_uag_custom_page_level_css":"","_monsterinsights_skip_tracking":false,"_monsterinsights_sitenote_active":false,"_monsterinsights_sitenote_note":"","_monsterinsights_sitenote_category":0,"footnotes":""},"class_list":["post-259","page","type-page","status-publish","hentry","entry"],"yoast_head":"<!-- This site is optimized with the Yoast SEO plugin v27.5 - https:\/\/yoast.com\/product\/yoast-seo-wordpress\/ -->\n<title>NollVib-projektet - ATVA License<\/title>\n<meta name=\"robots\" content=\"index, follow, max-snippet:-1, max-image-preview:large, max-video-preview:-1\" \/>\n<link rel=\"canonical\" href=\"https:\/\/www.atva.se\/sv\/nollvib-projektet\/\" \/>\n<meta property=\"og:locale\" content=\"sv_SE\" \/>\n<meta property=\"og:type\" content=\"article\" \/>\n<meta property=\"og:title\" content=\"NollVib-projektet - ATVA License\" \/>\n<meta property=\"og:description\" content=\"Vibrationer fr\u00e5n handh\u00e5llna maskiner \u00e4r ett v\u00e4lk\u00e4nt men tyv\u00e4rr stort h\u00e4lsoproblem f\u00f6r hundratusentals arbetare \u00f6ver hela v\u00e4rlden. Enbart i Sverige \u00e4r 34% av alla arbetsrelaterade skador och l\u00e5ngvarig sjukdom relaterat till skador som uppst\u00e5tt fr\u00e5n vibrationer, enligt en rapport fr\u00e5n Arbetsmilj\u00f6verket. Det \u00e4r ocks\u00e5 ett avsev\u00e4rt industriellt och ekonomiskt problem eftersom arbetsplatser med h\u00f6g grad&hellip; Continue reading NollVib-projektet\" \/>\n<meta property=\"og:url\" content=\"https:\/\/www.atva.se\/sv\/nollvib-projektet\/\" \/>\n<meta property=\"og:site_name\" content=\"ATVA License\" \/>\n<meta property=\"article:modified_time\" content=\"2022-01-26T10:19:18+00:00\" \/>\n<meta name=\"twitter:card\" content=\"summary_large_image\" \/>\n<meta name=\"twitter:label1\" content=\"Ber\u00e4knad l\u00e4stid\" \/>\n\t<meta name=\"twitter:data1\" content=\"1 minut\" \/>\n<script type=\"application\/ld+json\" class=\"yoast-schema-graph\">{\"@context\":\"https:\\\/\\\/schema.org\",\"@graph\":[{\"@type\":\"WebPage\",\"@id\":\"https:\\\/\\\/www.atva.se\\\/sv\\\/nollvib-projektet\\\/\",\"url\":\"https:\\\/\\\/www.atva.se\\\/sv\\\/nollvib-projektet\\\/\",\"name\":\"NollVib-projektet - ATVA License\",\"isPartOf\":{\"@id\":\"https:\\\/\\\/www.atva.se\\\/sv\\\/#website\"},\"datePublished\":\"2022-01-22T12:17:10+00:00\",\"dateModified\":\"2022-01-26T10:19:18+00:00\",\"breadcrumb\":{\"@id\":\"https:\\\/\\\/www.atva.se\\\/sv\\\/nollvib-projektet\\\/#breadcrumb\"},\"inLanguage\":\"sv-SE\",\"potentialAction\":[{\"@type\":\"ReadAction\",\"target\":[\"https:\\\/\\\/www.atva.se\\\/sv\\\/nollvib-projektet\\\/\"]}]},{\"@type\":\"BreadcrumbList\",\"@id\":\"https:\\\/\\\/www.atva.se\\\/sv\\\/nollvib-projektet\\\/#breadcrumb\",\"itemListElement\":[{\"@type\":\"ListItem\",\"position\":1,\"name\":\"Home\",\"item\":\"https:\\\/\\\/www.atva.se\\\/sv\\\/\"},{\"@type\":\"ListItem\",\"position\":2,\"name\":\"NollVib-projektet\"}]},{\"@type\":\"WebSite\",\"@id\":\"https:\\\/\\\/www.atva.se\\\/sv\\\/#website\",\"url\":\"https:\\\/\\\/www.atva.se\\\/sv\\\/\",\"name\":\"ATVA License\",\"description\":\"Zero Vibrations\",\"publisher\":{\"@id\":\"https:\\\/\\\/www.atva.se\\\/sv\\\/#organization\"},\"potentialAction\":[{\"@type\":\"SearchAction\",\"target\":{\"@type\":\"EntryPoint\",\"urlTemplate\":\"https:\\\/\\\/www.atva.se\\\/sv\\\/?s={search_term_string}\"},\"query-input\":{\"@type\":\"PropertyValueSpecification\",\"valueRequired\":true,\"valueName\":\"search_term_string\"}}],\"inLanguage\":\"sv-SE\"},{\"@type\":\"Organization\",\"@id\":\"https:\\\/\\\/www.atva.se\\\/sv\\\/#organization\",\"name\":\"ATVA License\",\"url\":\"https:\\\/\\\/www.atva.se\\\/sv\\\/\",\"logo\":{\"@type\":\"ImageObject\",\"inLanguage\":\"sv-SE\",\"@id\":\"https:\\\/\\\/www.atva.se\\\/sv\\\/#\\\/schema\\\/logo\\\/image\\\/\",\"url\":\"https:\\\/\\\/www.atva.se\\\/wp-content\\\/uploads\\\/2021\\\/09\\\/atva-license-logo.png\",\"contentUrl\":\"https:\\\/\\\/www.atva.se\\\/wp-content\\\/uploads\\\/2021\\\/09\\\/atva-license-logo.png\",\"width\":1435,\"height\":193,\"caption\":\"ATVA License\"},\"image\":{\"@id\":\"https:\\\/\\\/www.atva.se\\\/sv\\\/#\\\/schema\\\/logo\\\/image\\\/\"}}]}<\/script>\n<!-- \/ Yoast SEO plugin. -->","yoast_head_json":{"title":"NollVib-projektet - ATVA License","robots":{"index":"index","follow":"follow","max-snippet":"max-snippet:-1","max-image-preview":"max-image-preview:large","max-video-preview":"max-video-preview:-1"},"canonical":"https:\/\/www.atva.se\/sv\/nollvib-projektet\/","og_locale":"sv_SE","og_type":"article","og_title":"NollVib-projektet - ATVA License","og_description":"Vibrationer fr\u00e5n handh\u00e5llna maskiner \u00e4r ett v\u00e4lk\u00e4nt men tyv\u00e4rr stort h\u00e4lsoproblem f\u00f6r hundratusentals arbetare \u00f6ver hela v\u00e4rlden. Enbart i Sverige \u00e4r 34% av alla arbetsrelaterade skador och l\u00e5ngvarig sjukdom relaterat till skador som uppst\u00e5tt fr\u00e5n vibrationer, enligt en rapport fr\u00e5n Arbetsmilj\u00f6verket. Det \u00e4r ocks\u00e5 ett avsev\u00e4rt industriellt och ekonomiskt problem eftersom arbetsplatser med h\u00f6g grad&hellip; Continue reading NollVib-projektet","og_url":"https:\/\/www.atva.se\/sv\/nollvib-projektet\/","og_site_name":"ATVA License","article_modified_time":"2022-01-26T10:19:18+00:00","twitter_card":"summary_large_image","twitter_misc":{"Ber\u00e4knad l\u00e4stid":"1 minut"},"schema":{"@context":"https:\/\/schema.org","@graph":[{"@type":"WebPage","@id":"https:\/\/www.atva.se\/sv\/nollvib-projektet\/","url":"https:\/\/www.atva.se\/sv\/nollvib-projektet\/","name":"NollVib-projektet - ATVA License","isPartOf":{"@id":"https:\/\/www.atva.se\/sv\/#website"},"datePublished":"2022-01-22T12:17:10+00:00","dateModified":"2022-01-26T10:19:18+00:00","breadcrumb":{"@id":"https:\/\/www.atva.se\/sv\/nollvib-projektet\/#breadcrumb"},"inLanguage":"sv-SE","potentialAction":[{"@type":"ReadAction","target":["https:\/\/www.atva.se\/sv\/nollvib-projektet\/"]}]},{"@type":"BreadcrumbList","@id":"https:\/\/www.atva.se\/sv\/nollvib-projektet\/#breadcrumb","itemListElement":[{"@type":"ListItem","position":1,"name":"Home","item":"https:\/\/www.atva.se\/sv\/"},{"@type":"ListItem","position":2,"name":"NollVib-projektet"}]},{"@type":"WebSite","@id":"https:\/\/www.atva.se\/sv\/#website","url":"https:\/\/www.atva.se\/sv\/","name":"ATVA License","description":"Zero Vibrations","publisher":{"@id":"https:\/\/www.atva.se\/sv\/#organization"},"potentialAction":[{"@type":"SearchAction","target":{"@type":"EntryPoint","urlTemplate":"https:\/\/www.atva.se\/sv\/?s={search_term_string}"},"query-input":{"@type":"PropertyValueSpecification","valueRequired":true,"valueName":"search_term_string"}}],"inLanguage":"sv-SE"},{"@type":"Organization","@id":"https:\/\/www.atva.se\/sv\/#organization","name":"ATVA License","url":"https:\/\/www.atva.se\/sv\/","logo":{"@type":"ImageObject","inLanguage":"sv-SE","@id":"https:\/\/www.atva.se\/sv\/#\/schema\/logo\/image\/","url":"https:\/\/www.atva.se\/wp-content\/uploads\/2021\/09\/atva-license-logo.png","contentUrl":"https:\/\/www.atva.se\/wp-content\/uploads\/2021\/09\/atva-license-logo.png","width":1435,"height":193,"caption":"ATVA License"},"image":{"@id":"https:\/\/www.atva.se\/sv\/#\/schema\/logo\/image\/"}}]}},"uagb_featured_image_src":{"full":false,"thumbnail":false,"medium":false,"medium_large":false,"large":false,"1536x1536":false,"2048x2048":false,"post-thumbnail":false},"uagb_author_info":{"display_name":"atva-admin","author_link":"https:\/\/www.atva.se\/sv\/author\/atva-admin\/"},"uagb_comment_info":0,"uagb_excerpt":"Vibrationer fr\u00e5n handh\u00e5llna maskiner \u00e4r ett v\u00e4lk\u00e4nt men tyv\u00e4rr stort h\u00e4lsoproblem f\u00f6r hundratusentals arbetare \u00f6ver hela v\u00e4rlden. Enbart i Sverige \u00e4r 34% av alla arbetsrelaterade skador och l\u00e5ngvarig sjukdom relaterat till skador som uppst\u00e5tt fr\u00e5n vibrationer, enligt en rapport fr\u00e5n Arbetsmilj\u00f6verket. Det \u00e4r ocks\u00e5 ett avsev\u00e4rt industriellt och ekonomiskt problem eftersom arbetsplatser med h\u00f6g grad&hellip;&hellip;","_links":{"self":[{"href":"https:\/\/www.atva.se\/sv\/wp-json\/wp\/v2\/pages\/259","targetHints":{"allow":["GET"]}}],"collection":[{"href":"https:\/\/www.atva.se\/sv\/wp-json\/wp\/v2\/pages"}],"about":[{"href":"https:\/\/www.atva.se\/sv\/wp-json\/wp\/v2\/types\/page"}],"author":[{"embeddable":true,"href":"https:\/\/www.atva.se\/sv\/wp-json\/wp\/v2\/users\/1"}],"replies":[{"embeddable":true,"href":"https:\/\/www.atva.se\/sv\/wp-json\/wp\/v2\/comments?post=259"}],"version-history":[{"count":10,"href":"https:\/\/www.atva.se\/sv\/wp-json\/wp\/v2\/pages\/259\/revisions"}],"predecessor-version":[{"id":357,"href":"https:\/\/www.atva.se\/sv\/wp-json\/wp\/v2\/pages\/259\/revisions\/357"}],"wp:attachment":[{"href":"https:\/\/www.atva.se\/sv\/wp-json\/wp\/v2\/media?parent=259"}],"curies":[{"name":"wp","href":"https:\/\/api.w.org\/{rel}","templated":true}]}}