{"id":246,"date":"2022-01-22T12:15:19","date_gmt":"2022-01-22T12:15:19","guid":{"rendered":"https:\/\/www.atva.se\/film-comments\/"},"modified":"2022-01-26T10:20:32","modified_gmt":"2022-01-26T10:20:32","slug":"film-comments","status":"publish","type":"page","link":"https:\/\/www.atva.se\/sv\/film-comments\/","title":{"rendered":"Film &amp; kommentarer"},"content":{"rendered":"\n<h2 class=\"wp-block-heading\">Projektet Nollvib \u2013 Noll Vibrationer<\/h2>\n\n<p>7 min 14 sek komplett film fr\u00e5n 2021 om resultaten fr\u00e5n NollVib-projektet, fr\u00e5n Volvo i Arvika (g\u00e4llande roterande vibrationer) och fr\u00e5n Benders stenbrott i \u00c4vja (g\u00e4llande ATVA\u2122 tekniken f\u00f6r att motverkade \u201dsl\u00e5ende\u201d vibrationer )<\/p>\n\n<figure class=\"wp-block-embed is-type-video is-provider-youtube wp-block-embed-youtube wp-embed-aspect-16-9 wp-has-aspect-ratio\"><div class=\"wp-block-embed__wrapper\">\n<iframe loading=\"lazy\" title=\"Zero vibration-related injuries\" width=\"750\" height=\"422\" src=\"https:\/\/www.youtube.com\/embed\/rr76K2OOXrA?feature=oembed\" frameborder=\"0\" allow=\"accelerometer; autoplay; clipboard-write; encrypted-media; gyroscope; picture-in-picture\" allowfullscreen><\/iframe>\n<\/div><\/figure>\n\n<p>6 min 58 sek film fr\u00e5n 2018 om problem och l\u00f6sningar kring vibrationer, utifr\u00e5n NollVib-projektet, inkluderande en sekvens med \u201cf\u00f6re\/efter\u201d anv\u00e4ndning av ATVA\u2122 tekniken.<\/p>\n\n<figure class=\"wp-block-embed is-type-video is-provider-youtube wp-block-embed-youtube wp-embed-aspect-16-9 wp-has-aspect-ratio\"><div class=\"wp-block-embed__wrapper\">\n<iframe loading=\"lazy\" title=\"Zero vibration injuries\" width=\"750\" height=\"422\" src=\"https:\/\/www.youtube.com\/embed\/F9cawOHb5Ss?feature=oembed\" frameborder=\"0\" allow=\"accelerometer; autoplay; clipboard-write; encrypted-media; gyroscope; picture-in-picture\" allowfullscreen><\/iframe>\n<\/div><\/figure>\n\n<h2 class=\"wp-block-heading\">ATVA\u2122 &#8211; Tekniken<\/h2>\n\n<p>F\u00f6rklaring \/ demonstration av ATVA\u2122 &#8211; tekniken. 2 minuters intervju med Hans Lindell, forskningsledare p\u00e5 RISE.<\/p>\n\n<figure class=\"wp-block-embed is-type-video is-provider-youtube wp-block-embed-youtube wp-embed-aspect-16-9 wp-has-aspect-ratio\"><div class=\"wp-block-embed__wrapper\">\n<iframe loading=\"lazy\" title=\"Hans Lindell explaining the ATVA invention\" width=\"750\" height=\"422\" src=\"https:\/\/www.youtube.com\/embed\/37LlnYkmuBg?feature=oembed\" frameborder=\"0\" allow=\"accelerometer; autoplay; clipboard-write; encrypted-media; gyroscope; picture-in-picture\" allowfullscreen><\/iframe>\n<\/div><\/figure>\n\n<p>ATVA\u2122 i anv\u00e4ndning- 2 minuters film med stenarbetaren Reine Matsson, som anv\u00e4nder en ATVA\u2122 -utrustad maskin f\u00f6r b\u00e5de vertikal och horisontell borrning. 2 min<\/p>\n\n<figure class=\"wp-block-embed is-type-video is-provider-youtube wp-block-embed-youtube wp-embed-aspect-16-9 wp-has-aspect-ratio\"><div class=\"wp-block-embed__wrapper\">\n<iframe loading=\"lazy\" title=\"ATVA in manual applications 2 min\" width=\"750\" height=\"422\" src=\"https:\/\/www.youtube.com\/embed\/0SLzjZtKzsE?feature=oembed\" frameborder=\"0\" allow=\"accelerometer; autoplay; clipboard-write; encrypted-media; gyroscope; picture-in-picture\" allowfullscreen><\/iframe>\n<\/div><\/figure>\n\n<p>ATVA\u2122 i drift med robotstyrning. 15 sekunder (verklig hastighet + slow motion)<\/p>\n\n<figure class=\"wp-block-embed is-type-video is-provider-youtube wp-block-embed-youtube wp-embed-aspect-16-9 wp-has-aspect-ratio\"><div class=\"wp-block-embed__wrapper\">\n<iframe loading=\"lazy\" title=\"ATVA in robot application 15 sec\" width=\"750\" height=\"422\" src=\"https:\/\/www.youtube.com\/embed\/_hYluIkC7lw?feature=oembed\" frameborder=\"0\" allow=\"accelerometer; autoplay; clipboard-write; encrypted-media; gyroscope; picture-in-picture\" allowfullscreen><\/iframe>\n<\/div><\/figure>\n\n<p>Intervju, 4 minuter, med tv\u00e5 stenarbetare som medverkat i utvecklingen av ATVA\u2122 tekniken, Reine Mattson och Felipe da Silva.<\/p>\n\n<figure class=\"wp-block-embed is-type-video is-provider-youtube wp-block-embed-youtube wp-embed-aspect-16-9 wp-has-aspect-ratio\"><div class=\"wp-block-embed__wrapper\">\n<iframe loading=\"lazy\" title=\"Reine Matsson and Felipe da Silva , stone workers with ten years experience with ATVA\" width=\"750\" height=\"422\" src=\"https:\/\/www.youtube.com\/embed\/Sg3mrdINZFk?feature=oembed\" frameborder=\"0\" allow=\"accelerometer; autoplay; clipboard-write; encrypted-media; gyroscope; picture-in-picture\" allowfullscreen><\/iframe>\n<\/div><\/figure>\n\n<p>Den tekniske chefen f\u00f6r Bendergrupens stenbrott, Mr Hans Axelsson, om hur arbetet med att ta fram ATVA\u2122 -tekniken gick till.<\/p>\n\n<figure class=\"wp-block-embed is-type-video is-provider-youtube wp-block-embed-youtube wp-embed-aspect-16-9 wp-has-aspect-ratio\"><div class=\"wp-block-embed__wrapper\">\n<iframe loading=\"lazy\" title=\"Hans Axelsson quarry technical manager about ten years of experience with ATVA\" width=\"750\" height=\"422\" src=\"https:\/\/www.youtube.com\/embed\/BJyo2kT3aMY?feature=oembed\" frameborder=\"0\" allow=\"accelerometer; autoplay; clipboard-write; encrypted-media; gyroscope; picture-in-picture\" allowfullscreen><\/iframe>\n<\/div><\/figure>\n\n<p>Platschefen f\u00f6r alla Bendergruppens stenbrott, Joao Escudeiro, om varf\u00f6r man valt ATVA\u2122-tekniken.<\/p>\n\n<figure class=\"wp-block-embed is-type-video is-provider-youtube wp-block-embed-youtube wp-embed-aspect-16-9 wp-has-aspect-ratio\"><div class=\"wp-block-embed__wrapper\">\n<iframe loading=\"lazy\" title=\"Joao Escudeiro, site manager Bender Group Quarries about ATVA benefits\" width=\"750\" height=\"422\" src=\"https:\/\/www.youtube.com\/embed\/CDxsksvVVy8?feature=oembed\" frameborder=\"0\" allow=\"accelerometer; autoplay; clipboard-write; encrypted-media; gyroscope; picture-in-picture\" allowfullscreen><\/iframe>\n<\/div><\/figure>\n\n<p>Mats Jakobsson, VD f\u00f6r Bender Sverige AB, om de strategiska aspekterna kring ATVA\u2122.<\/p>\n\n<figure class=\"wp-block-embed is-type-video is-provider-youtube wp-block-embed-youtube wp-embed-aspect-16-9 wp-has-aspect-ratio\"><div class=\"wp-block-embed__wrapper\">\n<iframe loading=\"lazy\" title=\"Mats Jacobsson, vice president of Bender Group about ATVA on strategic level\" width=\"750\" height=\"422\" src=\"https:\/\/www.youtube.com\/embed\/VC3uO_J6ewA?feature=oembed\" frameborder=\"0\" allow=\"accelerometer; autoplay; clipboard-write; encrypted-media; gyroscope; picture-in-picture\" allowfullscreen><\/iframe>\n<\/div><\/figure>\n\n<h2 class=\"wp-block-heading\">Urval av citat fr\u00e5n filmerna om ATVA\u2122<\/h2>\n\n<div class=\"wp-block-columns is-layout-flex wp-container-core-columns-is-layout-9d6595d7 wp-block-columns-is-layout-flex\">\n<div class=\"wp-block-column is-layout-flow wp-block-column-is-layout-flow\">\n<blockquote class=\"wp-block-quote is-layout-flow wp-block-quote-is-layout-flow\"><p>mycket smidigare, hoppar mycket mindre, inte s\u00e5 tr\u00f6tt efter en arbetsdag\u2026<\/p><cite>Arbetarna om ATVA\u2122 i j\u00e4mf\u00f6relse med standardmaskiner<\/cite><\/blockquote>\n\n\n\n<blockquote class=\"wp-block-quote is-layout-flow wp-block-quote-is-layout-flow\"><p>Utan ATVA\u2122 hade vi inte kunnat anv\u00e4nda robotar \u00f6ver huvud taget<\/p><cite>VD<\/cite><\/blockquote>\n\n\n\n<blockquote class=\"wp-block-quote is-layout-flow wp-block-quote-is-layout-flow\"><p>N\u00e4r vi kom p\u00e5 hur man automatiskt kunde anpassa absorptionsenheten till vilken vibrationsfrekvens som helst, d\u00e5 ins\u00e5g vi att vi lyckats<\/p><cite>Hans Lindell, forskningsledare<\/cite><\/blockquote>\n\n\n\n<blockquote class=\"wp-block-quote is-layout-flow wp-block-quote-is-layout-flow\"><p>Stenarbete kommer alltid att i n\u00e5gon utstr\u00e4ckning vara manuellt och d\u00e5 m\u00e5ste det vara attraktivt, Verkst\u00e4llande Direkt\u00f6ren<\/p><cite>VD<\/cite><\/blockquote>\n<\/div>\n\n\n\n<div class=\"wp-block-column is-layout-flow wp-block-column-is-layout-flow\">\n<blockquote class=\"wp-block-quote is-layout-flow wp-block-quote-is-layout-flow\"><p>Med ATVA\u2122 minskade vibrationerna med 80 &#8211; 90%<\/p><cite>Tekniske Chefen<\/cite><\/blockquote>\n\n\n\n<blockquote class=\"wp-block-quote is-layout-flow wp-block-quote-is-layout-flow\"><p>Vibrationer f\u00f6rst\u00f6r ocks\u00e5 maskiner, det \u00e4r d\u00e4rf\u00f6r vi har ATVA p\u00e5 en robot ocks\u00e5\u201d,<\/p><cite>Tekniske Chefen<\/cite><\/blockquote>\n\n\n\n<blockquote class=\"wp-block-quote is-layout-flow wp-block-quote-is-layout-flow\"><p>Vanliga maskiner kan motsvara kraven enligt lag, men de \u00e4r \u00e4nd\u00e5 inte s\u00e4kra f\u00f6r v\u00e5ra arbetare att anv\u00e4nda.<\/p><cite>Platschefen<\/cite><\/blockquote>\n\n\n\n<blockquote class=\"wp-block-quote is-layout-flow wp-block-quote-is-layout-flow\"><p>Vi blev tvungna att l\u00e5ta bygga maskinerna sj\u00e4lva men nu vill vi att etablerade maskintillverkare ska g\u00f6ra det<\/p><cite>VD<\/cite><\/blockquote>\n<\/div>\n<\/div>\n","protected":false},"excerpt":{"rendered":"<p>Projektet Nollvib \u2013 Noll Vibrationer 7 min 14 sek komplett film fr\u00e5n 2021 om resultaten fr\u00e5n NollVib-projektet, fr\u00e5n Volvo i Arvika (g\u00e4llande roterande vibrationer) och fr\u00e5n Benders stenbrott i \u00c4vja (g\u00e4llande ATVA\u2122 tekniken f\u00f6r att motverkade \u201dsl\u00e5ende\u201d vibrationer ) 6 min 58 sek film fr\u00e5n 2018 om problem och l\u00f6sningar kring vibrationer, utifr\u00e5n NollVib-projektet, inkluderande&hellip; <a class=\"more-link\" href=\"https:\/\/www.atva.se\/sv\/film-comments\/\">Continue reading <span class=\"screen-reader-text\">Film &amp; kommentarer<\/span><\/a><\/p>\n","protected":false},"author":1,"featured_media":0,"parent":0,"menu_order":30,"comment_status":"closed","ping_status":"closed","template":"","meta":{"_uag_custom_page_level_css":"","_monsterinsights_skip_tracking":false,"_monsterinsights_sitenote_active":false,"_monsterinsights_sitenote_note":"","_monsterinsights_sitenote_category":0,"footnotes":""},"class_list":["post-246","page","type-page","status-publish","hentry","entry"],"yoast_head":"<!-- This site is optimized with the Yoast SEO plugin v27.5 - https:\/\/yoast.com\/product\/yoast-seo-wordpress\/ -->\n<title>Film &amp; kommentarer - ATVA License<\/title>\n<meta name=\"robots\" content=\"index, follow, max-snippet:-1, max-image-preview:large, max-video-preview:-1\" \/>\n<link rel=\"canonical\" href=\"https:\/\/www.atva.se\/sv\/film-comments\/\" \/>\n<meta property=\"og:locale\" content=\"sv_SE\" \/>\n<meta property=\"og:type\" content=\"article\" \/>\n<meta property=\"og:title\" content=\"Film &amp; kommentarer - ATVA License\" \/>\n<meta property=\"og:description\" content=\"Projektet Nollvib \u2013 Noll Vibrationer 7 min 14 sek komplett film fr\u00e5n 2021 om resultaten fr\u00e5n NollVib-projektet, fr\u00e5n Volvo i Arvika (g\u00e4llande roterande vibrationer) och fr\u00e5n Benders stenbrott i \u00c4vja (g\u00e4llande ATVA\u2122 tekniken f\u00f6r att motverkade \u201dsl\u00e5ende\u201d vibrationer ) 6 min 58 sek film fr\u00e5n 2018 om problem och l\u00f6sningar kring vibrationer, utifr\u00e5n NollVib-projektet, inkluderande&hellip; Continue reading Film &amp; kommentarer\" \/>\n<meta property=\"og:url\" content=\"https:\/\/www.atva.se\/sv\/film-comments\/\" \/>\n<meta property=\"og:site_name\" content=\"ATVA License\" \/>\n<meta property=\"article:modified_time\" content=\"2022-01-26T10:20:32+00:00\" \/>\n<meta name=\"twitter:card\" content=\"summary_large_image\" \/>\n<meta name=\"twitter:label1\" content=\"Ber\u00e4knad l\u00e4stid\" \/>\n\t<meta name=\"twitter:data1\" content=\"2 minuter\" \/>\n<script type=\"application\/ld+json\" class=\"yoast-schema-graph\">{\"@context\":\"https:\\\/\\\/schema.org\",\"@graph\":[{\"@type\":\"WebPage\",\"@id\":\"https:\\\/\\\/www.atva.se\\\/sv\\\/film-comments\\\/\",\"url\":\"https:\\\/\\\/www.atva.se\\\/sv\\\/film-comments\\\/\",\"name\":\"Film &amp; kommentarer - ATVA License\",\"isPartOf\":{\"@id\":\"https:\\\/\\\/www.atva.se\\\/sv\\\/#website\"},\"datePublished\":\"2022-01-22T12:15:19+00:00\",\"dateModified\":\"2022-01-26T10:20:32+00:00\",\"breadcrumb\":{\"@id\":\"https:\\\/\\\/www.atva.se\\\/sv\\\/film-comments\\\/#breadcrumb\"},\"inLanguage\":\"sv-SE\",\"potentialAction\":[{\"@type\":\"ReadAction\",\"target\":[\"https:\\\/\\\/www.atva.se\\\/sv\\\/film-comments\\\/\"]}]},{\"@type\":\"BreadcrumbList\",\"@id\":\"https:\\\/\\\/www.atva.se\\\/sv\\\/film-comments\\\/#breadcrumb\",\"itemListElement\":[{\"@type\":\"ListItem\",\"position\":1,\"name\":\"Home\",\"item\":\"https:\\\/\\\/www.atva.se\\\/sv\\\/\"},{\"@type\":\"ListItem\",\"position\":2,\"name\":\"Film &amp; kommentarer\"}]},{\"@type\":\"WebSite\",\"@id\":\"https:\\\/\\\/www.atva.se\\\/sv\\\/#website\",\"url\":\"https:\\\/\\\/www.atva.se\\\/sv\\\/\",\"name\":\"ATVA License\",\"description\":\"Zero Vibrations\",\"publisher\":{\"@id\":\"https:\\\/\\\/www.atva.se\\\/sv\\\/#organization\"},\"potentialAction\":[{\"@type\":\"SearchAction\",\"target\":{\"@type\":\"EntryPoint\",\"urlTemplate\":\"https:\\\/\\\/www.atva.se\\\/sv\\\/?s={search_term_string}\"},\"query-input\":{\"@type\":\"PropertyValueSpecification\",\"valueRequired\":true,\"valueName\":\"search_term_string\"}}],\"inLanguage\":\"sv-SE\"},{\"@type\":\"Organization\",\"@id\":\"https:\\\/\\\/www.atva.se\\\/sv\\\/#organization\",\"name\":\"ATVA License\",\"url\":\"https:\\\/\\\/www.atva.se\\\/sv\\\/\",\"logo\":{\"@type\":\"ImageObject\",\"inLanguage\":\"sv-SE\",\"@id\":\"https:\\\/\\\/www.atva.se\\\/sv\\\/#\\\/schema\\\/logo\\\/image\\\/\",\"url\":\"https:\\\/\\\/www.atva.se\\\/wp-content\\\/uploads\\\/2021\\\/09\\\/atva-license-logo.png\",\"contentUrl\":\"https:\\\/\\\/www.atva.se\\\/wp-content\\\/uploads\\\/2021\\\/09\\\/atva-license-logo.png\",\"width\":1435,\"height\":193,\"caption\":\"ATVA License\"},\"image\":{\"@id\":\"https:\\\/\\\/www.atva.se\\\/sv\\\/#\\\/schema\\\/logo\\\/image\\\/\"}}]}<\/script>\n<!-- \/ Yoast SEO plugin. -->","yoast_head_json":{"title":"Film &amp; kommentarer - ATVA License","robots":{"index":"index","follow":"follow","max-snippet":"max-snippet:-1","max-image-preview":"max-image-preview:large","max-video-preview":"max-video-preview:-1"},"canonical":"https:\/\/www.atva.se\/sv\/film-comments\/","og_locale":"sv_SE","og_type":"article","og_title":"Film &amp; kommentarer - ATVA License","og_description":"Projektet Nollvib \u2013 Noll Vibrationer 7 min 14 sek komplett film fr\u00e5n 2021 om resultaten fr\u00e5n NollVib-projektet, fr\u00e5n Volvo i Arvika (g\u00e4llande roterande vibrationer) och fr\u00e5n Benders stenbrott i \u00c4vja (g\u00e4llande ATVA\u2122 tekniken f\u00f6r att motverkade \u201dsl\u00e5ende\u201d vibrationer ) 6 min 58 sek film fr\u00e5n 2018 om problem och l\u00f6sningar kring vibrationer, utifr\u00e5n NollVib-projektet, inkluderande&hellip; Continue reading Film &amp; kommentarer","og_url":"https:\/\/www.atva.se\/sv\/film-comments\/","og_site_name":"ATVA License","article_modified_time":"2022-01-26T10:20:32+00:00","twitter_card":"summary_large_image","twitter_misc":{"Ber\u00e4knad l\u00e4stid":"2 minuter"},"schema":{"@context":"https:\/\/schema.org","@graph":[{"@type":"WebPage","@id":"https:\/\/www.atva.se\/sv\/film-comments\/","url":"https:\/\/www.atva.se\/sv\/film-comments\/","name":"Film &amp; kommentarer - ATVA License","isPartOf":{"@id":"https:\/\/www.atva.se\/sv\/#website"},"datePublished":"2022-01-22T12:15:19+00:00","dateModified":"2022-01-26T10:20:32+00:00","breadcrumb":{"@id":"https:\/\/www.atva.se\/sv\/film-comments\/#breadcrumb"},"inLanguage":"sv-SE","potentialAction":[{"@type":"ReadAction","target":["https:\/\/www.atva.se\/sv\/film-comments\/"]}]},{"@type":"BreadcrumbList","@id":"https:\/\/www.atva.se\/sv\/film-comments\/#breadcrumb","itemListElement":[{"@type":"ListItem","position":1,"name":"Home","item":"https:\/\/www.atva.se\/sv\/"},{"@type":"ListItem","position":2,"name":"Film &amp; kommentarer"}]},{"@type":"WebSite","@id":"https:\/\/www.atva.se\/sv\/#website","url":"https:\/\/www.atva.se\/sv\/","name":"ATVA License","description":"Zero Vibrations","publisher":{"@id":"https:\/\/www.atva.se\/sv\/#organization"},"potentialAction":[{"@type":"SearchAction","target":{"@type":"EntryPoint","urlTemplate":"https:\/\/www.atva.se\/sv\/?s={search_term_string}"},"query-input":{"@type":"PropertyValueSpecification","valueRequired":true,"valueName":"search_term_string"}}],"inLanguage":"sv-SE"},{"@type":"Organization","@id":"https:\/\/www.atva.se\/sv\/#organization","name":"ATVA License","url":"https:\/\/www.atva.se\/sv\/","logo":{"@type":"ImageObject","inLanguage":"sv-SE","@id":"https:\/\/www.atva.se\/sv\/#\/schema\/logo\/image\/","url":"https:\/\/www.atva.se\/wp-content\/uploads\/2021\/09\/atva-license-logo.png","contentUrl":"https:\/\/www.atva.se\/wp-content\/uploads\/2021\/09\/atva-license-logo.png","width":1435,"height":193,"caption":"ATVA License"},"image":{"@id":"https:\/\/www.atva.se\/sv\/#\/schema\/logo\/image\/"}}]}},"uagb_featured_image_src":{"full":false,"thumbnail":false,"medium":false,"medium_large":false,"large":false,"1536x1536":false,"2048x2048":false,"post-thumbnail":false},"uagb_author_info":{"display_name":"atva-admin","author_link":"https:\/\/www.atva.se\/sv\/author\/atva-admin\/"},"uagb_comment_info":0,"uagb_excerpt":"Projektet Nollvib \u2013 Noll Vibrationer 7 min 14 sek komplett film fr\u00e5n 2021 om resultaten fr\u00e5n NollVib-projektet, fr\u00e5n Volvo i Arvika (g\u00e4llande roterande vibrationer) och fr\u00e5n Benders stenbrott i \u00c4vja (g\u00e4llande ATVA\u2122 tekniken f\u00f6r att motverkade \u201dsl\u00e5ende\u201d vibrationer ) 6 min 58 sek film fr\u00e5n 2018 om problem och l\u00f6sningar kring vibrationer, utifr\u00e5n NollVib-projektet, inkluderande&hellip;&hellip;","_links":{"self":[{"href":"https:\/\/www.atva.se\/sv\/wp-json\/wp\/v2\/pages\/246","targetHints":{"allow":["GET"]}}],"collection":[{"href":"https:\/\/www.atva.se\/sv\/wp-json\/wp\/v2\/pages"}],"about":[{"href":"https:\/\/www.atva.se\/sv\/wp-json\/wp\/v2\/types\/page"}],"author":[{"embeddable":true,"href":"https:\/\/www.atva.se\/sv\/wp-json\/wp\/v2\/users\/1"}],"replies":[{"embeddable":true,"href":"https:\/\/www.atva.se\/sv\/wp-json\/wp\/v2\/comments?post=246"}],"version-history":[{"count":12,"href":"https:\/\/www.atva.se\/sv\/wp-json\/wp\/v2\/pages\/246\/revisions"}],"predecessor-version":[{"id":365,"href":"https:\/\/www.atva.se\/sv\/wp-json\/wp\/v2\/pages\/246\/revisions\/365"}],"wp:attachment":[{"href":"https:\/\/www.atva.se\/sv\/wp-json\/wp\/v2\/media?parent=246"}],"curies":[{"name":"wp","href":"https:\/\/api.w.org\/{rel}","templated":true}]}}