{"id":242,"date":"2022-01-22T12:14:36","date_gmt":"2022-01-22T12:14:36","guid":{"rendered":"https:\/\/www.atva.se\/commercial-conditions\/"},"modified":"2022-01-26T10:24:15","modified_gmt":"2022-01-26T10:24:15","slug":"commercial-conditions","status":"publish","type":"page","link":"https:\/\/www.atva.se\/sv\/atva-tekniken\/commercial-conditions\/","title":{"rendered":"Kommersiella villkor"},"content":{"rendered":"\n<p>ATVA\u2122 &#8211; tekniken \u00e4r allts\u00e5 \u00f6ppen f\u00f6r den kommersiella marknaden. <a href=\"https:\/\/www.atva.se\/sv\/kontakt\/\">Kontakta<\/a> ATVA\u2122 Licence Group f\u00f6r all information om den steg-f\u00f6r-steg modell som \u00e4r utarbetad f\u00f6r att g\u00f6ra tekniken tillg\u00e4nglig f\u00f6r maskintillverkare, likas\u00e5 om sj\u00e4lva licensvillkoren.<\/p>\n\n\n\n<p>Steg-f\u00f6r-steg modellen b\u00f6rjar med tv\u00e5 genomf\u00f6rbarhetstester (\u201dfeasibility tests\u201d) d\u00e4r den f\u00f6rsta \u00e4r en test f\u00f6r att se om maskinen i fr\u00e5ga har potential att f\u00f6rb\u00e4ttras med ATVA\u2122 och den andra f\u00f6r att utv\u00e4rdera hur mycket vibrationerna skulle kunna minskas med att applicara ATVA\u2122 &#8211; tekniken p\u00e5 den aktuella maskinen.<\/p>\n","protected":false},"excerpt":{"rendered":"<p>ATVA\u2122 &#8211; tekniken \u00e4r allts\u00e5 \u00f6ppen f\u00f6r den kommersiella marknaden. Kontakta ATVA\u2122 Licence Group f\u00f6r all information om den steg-f\u00f6r-steg modell som \u00e4r utarbetad f\u00f6r att g\u00f6ra tekniken tillg\u00e4nglig f\u00f6r maskintillverkare, likas\u00e5 om sj\u00e4lva licensvillkoren. Steg-f\u00f6r-steg modellen b\u00f6rjar med tv\u00e5 genomf\u00f6rbarhetstester (\u201dfeasibility tests\u201d) d\u00e4r den f\u00f6rsta \u00e4r en test f\u00f6r att se om maskinen i&hellip; <a class=\"more-link\" href=\"https:\/\/www.atva.se\/sv\/atva-tekniken\/commercial-conditions\/\">Continue reading <span class=\"screen-reader-text\">Kommersiella villkor<\/span><\/a><\/p>\n","protected":false},"author":1,"featured_media":0,"parent":273,"menu_order":60,"comment_status":"closed","ping_status":"closed","template":"","meta":{"_uag_custom_page_level_css":"","_monsterinsights_skip_tracking":false,"_monsterinsights_sitenote_active":false,"_monsterinsights_sitenote_note":"","_monsterinsights_sitenote_category":0,"footnotes":""},"class_list":["post-242","page","type-page","status-publish","hentry","entry"],"yoast_head":"<!-- This site is optimized with the Yoast SEO plugin v27.5 - https:\/\/yoast.com\/product\/yoast-seo-wordpress\/ -->\n<title>Kommersiella villkor - ATVA License<\/title>\n<meta name=\"robots\" content=\"index, follow, max-snippet:-1, max-image-preview:large, max-video-preview:-1\" \/>\n<link rel=\"canonical\" href=\"https:\/\/www.atva.se\/sv\/atva-tekniken\/commercial-conditions\/\" \/>\n<meta property=\"og:locale\" content=\"sv_SE\" \/>\n<meta property=\"og:type\" content=\"article\" \/>\n<meta property=\"og:title\" content=\"Kommersiella villkor - ATVA License\" \/>\n<meta property=\"og:description\" content=\"ATVA\u2122 &#8211; tekniken \u00e4r allts\u00e5 \u00f6ppen f\u00f6r den kommersiella marknaden. Kontakta ATVA\u2122 Licence Group f\u00f6r all information om den steg-f\u00f6r-steg modell som \u00e4r utarbetad f\u00f6r att g\u00f6ra tekniken tillg\u00e4nglig f\u00f6r maskintillverkare, likas\u00e5 om sj\u00e4lva licensvillkoren. Steg-f\u00f6r-steg modellen b\u00f6rjar med tv\u00e5 genomf\u00f6rbarhetstester (\u201dfeasibility tests\u201d) d\u00e4r den f\u00f6rsta \u00e4r en test f\u00f6r att se om maskinen i&hellip; Continue reading Kommersiella villkor\" \/>\n<meta property=\"og:url\" content=\"https:\/\/www.atva.se\/sv\/atva-tekniken\/commercial-conditions\/\" \/>\n<meta property=\"og:site_name\" content=\"ATVA License\" \/>\n<meta property=\"article:modified_time\" content=\"2022-01-26T10:24:15+00:00\" \/>\n<meta name=\"twitter:card\" content=\"summary_large_image\" \/>\n<meta name=\"twitter:label1\" content=\"Ber\u00e4knad l\u00e4stid\" \/>\n\t<meta name=\"twitter:data1\" content=\"1 minut\" \/>\n<script type=\"application\/ld+json\" class=\"yoast-schema-graph\">{\"@context\":\"https:\\\/\\\/schema.org\",\"@graph\":[{\"@type\":\"WebPage\",\"@id\":\"https:\\\/\\\/www.atva.se\\\/sv\\\/atva-tekniken\\\/commercial-conditions\\\/\",\"url\":\"https:\\\/\\\/www.atva.se\\\/sv\\\/atva-tekniken\\\/commercial-conditions\\\/\",\"name\":\"Kommersiella villkor - ATVA License\",\"isPartOf\":{\"@id\":\"https:\\\/\\\/www.atva.se\\\/sv\\\/#website\"},\"datePublished\":\"2022-01-22T12:14:36+00:00\",\"dateModified\":\"2022-01-26T10:24:15+00:00\",\"breadcrumb\":{\"@id\":\"https:\\\/\\\/www.atva.se\\\/sv\\\/atva-tekniken\\\/commercial-conditions\\\/#breadcrumb\"},\"inLanguage\":\"sv-SE\",\"potentialAction\":[{\"@type\":\"ReadAction\",\"target\":[\"https:\\\/\\\/www.atva.se\\\/sv\\\/atva-tekniken\\\/commercial-conditions\\\/\"]}]},{\"@type\":\"BreadcrumbList\",\"@id\":\"https:\\\/\\\/www.atva.se\\\/sv\\\/atva-tekniken\\\/commercial-conditions\\\/#breadcrumb\",\"itemListElement\":[{\"@type\":\"ListItem\",\"position\":1,\"name\":\"Home\",\"item\":\"https:\\\/\\\/www.atva.se\\\/sv\\\/\"},{\"@type\":\"ListItem\",\"position\":2,\"name\":\"ATVA\u2122-tekniken\",\"item\":\"https:\\\/\\\/www.atva.se\\\/sv\\\/atva-tekniken\\\/\"},{\"@type\":\"ListItem\",\"position\":3,\"name\":\"Kommersiella villkor\"}]},{\"@type\":\"WebSite\",\"@id\":\"https:\\\/\\\/www.atva.se\\\/sv\\\/#website\",\"url\":\"https:\\\/\\\/www.atva.se\\\/sv\\\/\",\"name\":\"ATVA License\",\"description\":\"Zero Vibrations\",\"publisher\":{\"@id\":\"https:\\\/\\\/www.atva.se\\\/sv\\\/#organization\"},\"potentialAction\":[{\"@type\":\"SearchAction\",\"target\":{\"@type\":\"EntryPoint\",\"urlTemplate\":\"https:\\\/\\\/www.atva.se\\\/sv\\\/?s={search_term_string}\"},\"query-input\":{\"@type\":\"PropertyValueSpecification\",\"valueRequired\":true,\"valueName\":\"search_term_string\"}}],\"inLanguage\":\"sv-SE\"},{\"@type\":\"Organization\",\"@id\":\"https:\\\/\\\/www.atva.se\\\/sv\\\/#organization\",\"name\":\"ATVA License\",\"url\":\"https:\\\/\\\/www.atva.se\\\/sv\\\/\",\"logo\":{\"@type\":\"ImageObject\",\"inLanguage\":\"sv-SE\",\"@id\":\"https:\\\/\\\/www.atva.se\\\/sv\\\/#\\\/schema\\\/logo\\\/image\\\/\",\"url\":\"https:\\\/\\\/www.atva.se\\\/wp-content\\\/uploads\\\/2021\\\/09\\\/atva-license-logo.png\",\"contentUrl\":\"https:\\\/\\\/www.atva.se\\\/wp-content\\\/uploads\\\/2021\\\/09\\\/atva-license-logo.png\",\"width\":1435,\"height\":193,\"caption\":\"ATVA License\"},\"image\":{\"@id\":\"https:\\\/\\\/www.atva.se\\\/sv\\\/#\\\/schema\\\/logo\\\/image\\\/\"}}]}<\/script>\n<!-- \/ Yoast SEO plugin. -->","yoast_head_json":{"title":"Kommersiella villkor - ATVA License","robots":{"index":"index","follow":"follow","max-snippet":"max-snippet:-1","max-image-preview":"max-image-preview:large","max-video-preview":"max-video-preview:-1"},"canonical":"https:\/\/www.atva.se\/sv\/atva-tekniken\/commercial-conditions\/","og_locale":"sv_SE","og_type":"article","og_title":"Kommersiella villkor - ATVA License","og_description":"ATVA\u2122 &#8211; tekniken \u00e4r allts\u00e5 \u00f6ppen f\u00f6r den kommersiella marknaden. Kontakta ATVA\u2122 Licence Group f\u00f6r all information om den steg-f\u00f6r-steg modell som \u00e4r utarbetad f\u00f6r att g\u00f6ra tekniken tillg\u00e4nglig f\u00f6r maskintillverkare, likas\u00e5 om sj\u00e4lva licensvillkoren. Steg-f\u00f6r-steg modellen b\u00f6rjar med tv\u00e5 genomf\u00f6rbarhetstester (\u201dfeasibility tests\u201d) d\u00e4r den f\u00f6rsta \u00e4r en test f\u00f6r att se om maskinen i&hellip; Continue reading Kommersiella villkor","og_url":"https:\/\/www.atva.se\/sv\/atva-tekniken\/commercial-conditions\/","og_site_name":"ATVA License","article_modified_time":"2022-01-26T10:24:15+00:00","twitter_card":"summary_large_image","twitter_misc":{"Ber\u00e4knad l\u00e4stid":"1 minut"},"schema":{"@context":"https:\/\/schema.org","@graph":[{"@type":"WebPage","@id":"https:\/\/www.atva.se\/sv\/atva-tekniken\/commercial-conditions\/","url":"https:\/\/www.atva.se\/sv\/atva-tekniken\/commercial-conditions\/","name":"Kommersiella villkor - ATVA License","isPartOf":{"@id":"https:\/\/www.atva.se\/sv\/#website"},"datePublished":"2022-01-22T12:14:36+00:00","dateModified":"2022-01-26T10:24:15+00:00","breadcrumb":{"@id":"https:\/\/www.atva.se\/sv\/atva-tekniken\/commercial-conditions\/#breadcrumb"},"inLanguage":"sv-SE","potentialAction":[{"@type":"ReadAction","target":["https:\/\/www.atva.se\/sv\/atva-tekniken\/commercial-conditions\/"]}]},{"@type":"BreadcrumbList","@id":"https:\/\/www.atva.se\/sv\/atva-tekniken\/commercial-conditions\/#breadcrumb","itemListElement":[{"@type":"ListItem","position":1,"name":"Home","item":"https:\/\/www.atva.se\/sv\/"},{"@type":"ListItem","position":2,"name":"ATVA\u2122-tekniken","item":"https:\/\/www.atva.se\/sv\/atva-tekniken\/"},{"@type":"ListItem","position":3,"name":"Kommersiella villkor"}]},{"@type":"WebSite","@id":"https:\/\/www.atva.se\/sv\/#website","url":"https:\/\/www.atva.se\/sv\/","name":"ATVA License","description":"Zero Vibrations","publisher":{"@id":"https:\/\/www.atva.se\/sv\/#organization"},"potentialAction":[{"@type":"SearchAction","target":{"@type":"EntryPoint","urlTemplate":"https:\/\/www.atva.se\/sv\/?s={search_term_string}"},"query-input":{"@type":"PropertyValueSpecification","valueRequired":true,"valueName":"search_term_string"}}],"inLanguage":"sv-SE"},{"@type":"Organization","@id":"https:\/\/www.atva.se\/sv\/#organization","name":"ATVA License","url":"https:\/\/www.atva.se\/sv\/","logo":{"@type":"ImageObject","inLanguage":"sv-SE","@id":"https:\/\/www.atva.se\/sv\/#\/schema\/logo\/image\/","url":"https:\/\/www.atva.se\/wp-content\/uploads\/2021\/09\/atva-license-logo.png","contentUrl":"https:\/\/www.atva.se\/wp-content\/uploads\/2021\/09\/atva-license-logo.png","width":1435,"height":193,"caption":"ATVA License"},"image":{"@id":"https:\/\/www.atva.se\/sv\/#\/schema\/logo\/image\/"}}]}},"uagb_featured_image_src":{"full":false,"thumbnail":false,"medium":false,"medium_large":false,"large":false,"1536x1536":false,"2048x2048":false,"post-thumbnail":false},"uagb_author_info":{"display_name":"atva-admin","author_link":"https:\/\/www.atva.se\/sv\/author\/atva-admin\/"},"uagb_comment_info":0,"uagb_excerpt":"ATVA\u2122 &#8211; tekniken \u00e4r allts\u00e5 \u00f6ppen f\u00f6r den kommersiella marknaden. Kontakta ATVA\u2122 Licence Group f\u00f6r all information om den steg-f\u00f6r-steg modell som \u00e4r utarbetad f\u00f6r att g\u00f6ra tekniken tillg\u00e4nglig f\u00f6r maskintillverkare, likas\u00e5 om sj\u00e4lva licensvillkoren. Steg-f\u00f6r-steg modellen b\u00f6rjar med tv\u00e5 genomf\u00f6rbarhetstester (\u201dfeasibility tests\u201d) d\u00e4r den f\u00f6rsta \u00e4r en test f\u00f6r att se om maskinen i&hellip;&hellip;","_links":{"self":[{"href":"https:\/\/www.atva.se\/sv\/wp-json\/wp\/v2\/pages\/242","targetHints":{"allow":["GET"]}}],"collection":[{"href":"https:\/\/www.atva.se\/sv\/wp-json\/wp\/v2\/pages"}],"about":[{"href":"https:\/\/www.atva.se\/sv\/wp-json\/wp\/v2\/types\/page"}],"author":[{"embeddable":true,"href":"https:\/\/www.atva.se\/sv\/wp-json\/wp\/v2\/users\/1"}],"replies":[{"embeddable":true,"href":"https:\/\/www.atva.se\/sv\/wp-json\/wp\/v2\/comments?post=242"}],"version-history":[{"count":6,"href":"https:\/\/www.atva.se\/sv\/wp-json\/wp\/v2\/pages\/242\/revisions"}],"predecessor-version":[{"id":387,"href":"https:\/\/www.atva.se\/sv\/wp-json\/wp\/v2\/pages\/242\/revisions\/387"}],"up":[{"embeddable":true,"href":"https:\/\/www.atva.se\/sv\/wp-json\/wp\/v2\/pages\/273"}],"wp:attachment":[{"href":"https:\/\/www.atva.se\/sv\/wp-json\/wp\/v2\/media?parent=242"}],"curies":[{"name":"wp","href":"https:\/\/api.w.org\/{rel}","templated":true}]}}