{"id":236,"date":"2022-01-22T12:14:07","date_gmt":"2022-01-22T12:14:07","guid":{"rendered":"https:\/\/www.atva.se\/the-atva-licence-group\/"},"modified":"2022-01-26T10:22:27","modified_gmt":"2022-01-26T10:22:27","slug":"the-atva-licence-group","status":"publish","type":"page","link":"https:\/\/www.atva.se\/sv\/atva-tekniken\/the-atva-licence-group\/","title":{"rendered":"The ATVA\u00ae Licence Group"},"content":{"rendered":"\n<p>ATVA\u00ae Licence Group \u00e4r ett f\u00f6retag som \u00e4gs av tv\u00e5 av Sveriges st\u00f6rsta naturstenstillverkare, Benders Sverige AB och Naturstenskompaniet International AB, med tillsammans 19 stenbrott i Sverige. De tv\u00e5 f\u00f6retagen har varit en experimentverkstad f\u00f6r den nya tekniken och har investerat i de prototypmaskiner som \u00e4r i kontinuerlig anv\u00e4ndning sedan 2016.<\/p>\n\n<blockquote class=\"wp-block-quote is-layout-flow wp-block-quote-is-layout-flow\"><p>RISE kom till oss 2007 med deras f\u00f6rsta prototyp. Vi testade den och tyckte att den inte var s\u00e5 bra men \u00e4nd\u00e5 mycket lovande. De kom tillbaka med b\u00e4ttre modeller och efter n\u00e5gra \u00e5r var vi mycket n\u00f6jda. ATVA\u2122 maskinerna \u00e4r mycket popul\u00e4ra bland v\u00e5ra arbetare.<\/p><cite>Hans Axelsson, teknisk chef, \u00c4vja Stenbrott<\/cite><\/blockquote>\n\n<div class=\"wp-block-cover alignwide has-yellow-background-color has-background-dim\" style=\"padding-top:40px;padding-right:40px;padding-bottom:40px;padding-left:40px\"><div class=\"wp-block-cover__inner-container is-layout-flow wp-block-cover-is-layout-flow\">\n<blockquote class=\"wp-block-quote is-style-default is-layout-flow wp-block-quote-is-layout-flow\"><p>Utan den ATVA\u2122 -utrustade robotborren som vi har f\u00f6r standarddimensioner skulle vi aldrig uppn\u00e5tt den h\u00f6ga produktivitet vi har nu.<\/p><p><\/p><cite>Mats Jakobson, VD, <a href=\"https:\/\/www.benders.se\/en-gb\/range\/landscaping\/?market=DEFAULT\" target=\"_blank\" rel=\"noreferrer noopener\">Bender Sverige AB<\/a><\/cite><\/blockquote>\n<\/div><\/div>\n\n<blockquote class=\"wp-block-quote is-layout-flow wp-block-quote-is-layout-flow\"><p>Handh\u00e5llna borrmaskiner beh\u00f6vs f\u00f6r alla komplicerade och kundanpassade stenprodukter. Det \u00e4r ett hantverk som kr\u00e4ver skicklighet och konstn\u00e4rlig f\u00f6rm\u00e5ga. Vi har investerat mycket i ATVA\u2122 projektet eftersom det \u00e4r superviktigt f\u00f6r oss att vara en attraktiv arbetsplats.<\/p><cite>Rolf Lundmark, styrelseordf\u00f6rande, <a href=\"https:\/\/www.naturstenskompaniet.se\/\" target=\"_blank\" rel=\"noreferrer noopener\">Naturstenskompaniet International AB<\/a><\/cite><\/blockquote>\n\n<blockquote class=\"wp-block-quote is-layout-flow wp-block-quote-is-layout-flow\"><p>ATVA\u2122 Licence Group \u00e4r v\u00e5r partner f\u00f6r att kommersialisera ATVA\u2122 &#8211; tekniken p\u00e5 v\u00e4rldsmarknaden och vi kommer st\u00f6tta med v\u00e5r tekniska kunskap.<\/p><cite>Daniel Wiklund, RISE<\/cite><\/blockquote>\n","protected":false},"excerpt":{"rendered":"<p>ATVA\u00ae Licence Group \u00e4r ett f\u00f6retag som \u00e4gs av tv\u00e5 av Sveriges st\u00f6rsta naturstenstillverkare, Benders Sverige AB och Naturstenskompaniet International AB, med tillsammans 19 stenbrott i Sverige. De tv\u00e5 f\u00f6retagen har varit en experimentverkstad f\u00f6r den nya tekniken och har investerat i de prototypmaskiner som \u00e4r i kontinuerlig anv\u00e4ndning sedan 2016. RISE kom till oss&hellip; <a class=\"more-link\" href=\"https:\/\/www.atva.se\/sv\/atva-tekniken\/the-atva-licence-group\/\">Continue reading <span class=\"screen-reader-text\">The ATVA\u00ae Licence Group<\/span><\/a><\/p>\n","protected":false},"author":1,"featured_media":0,"parent":273,"menu_order":20,"comment_status":"closed","ping_status":"closed","template":"","meta":{"_uag_custom_page_level_css":"","_monsterinsights_skip_tracking":false,"_monsterinsights_sitenote_active":false,"_monsterinsights_sitenote_note":"","_monsterinsights_sitenote_category":0,"footnotes":""},"class_list":["post-236","page","type-page","status-publish","hentry","entry"],"yoast_head":"<!-- This site is optimized with the Yoast SEO plugin v27.5 - https:\/\/yoast.com\/product\/yoast-seo-wordpress\/ -->\n<title>The ATVA\u00ae Licence Group - ATVA License<\/title>\n<meta name=\"robots\" content=\"index, follow, max-snippet:-1, max-image-preview:large, max-video-preview:-1\" \/>\n<link rel=\"canonical\" href=\"https:\/\/www.atva.se\/sv\/atva-tekniken\/the-atva-licence-group\/\" \/>\n<meta property=\"og:locale\" content=\"sv_SE\" \/>\n<meta property=\"og:type\" content=\"article\" \/>\n<meta property=\"og:title\" content=\"The ATVA\u00ae Licence Group - ATVA License\" \/>\n<meta property=\"og:description\" content=\"ATVA\u00ae Licence Group \u00e4r ett f\u00f6retag som \u00e4gs av tv\u00e5 av Sveriges st\u00f6rsta naturstenstillverkare, Benders Sverige AB och Naturstenskompaniet International AB, med tillsammans 19 stenbrott i Sverige. De tv\u00e5 f\u00f6retagen har varit en experimentverkstad f\u00f6r den nya tekniken och har investerat i de prototypmaskiner som \u00e4r i kontinuerlig anv\u00e4ndning sedan 2016. RISE kom till oss&hellip; Continue reading The ATVA\u00ae Licence Group\" \/>\n<meta property=\"og:url\" content=\"https:\/\/www.atva.se\/sv\/atva-tekniken\/the-atva-licence-group\/\" \/>\n<meta property=\"og:site_name\" content=\"ATVA License\" \/>\n<meta property=\"article:modified_time\" content=\"2022-01-26T10:22:27+00:00\" \/>\n<meta name=\"twitter:card\" content=\"summary_large_image\" \/>\n<meta name=\"twitter:label1\" content=\"Ber\u00e4knad l\u00e4stid\" \/>\n\t<meta name=\"twitter:data1\" content=\"1 minut\" \/>\n<script type=\"application\/ld+json\" class=\"yoast-schema-graph\">{\"@context\":\"https:\\\/\\\/schema.org\",\"@graph\":[{\"@type\":\"WebPage\",\"@id\":\"https:\\\/\\\/www.atva.se\\\/sv\\\/atva-tekniken\\\/the-atva-licence-group\\\/\",\"url\":\"https:\\\/\\\/www.atva.se\\\/sv\\\/atva-tekniken\\\/the-atva-licence-group\\\/\",\"name\":\"The ATVA\u00ae Licence Group - ATVA License\",\"isPartOf\":{\"@id\":\"https:\\\/\\\/www.atva.se\\\/sv\\\/#website\"},\"datePublished\":\"2022-01-22T12:14:07+00:00\",\"dateModified\":\"2022-01-26T10:22:27+00:00\",\"breadcrumb\":{\"@id\":\"https:\\\/\\\/www.atva.se\\\/sv\\\/atva-tekniken\\\/the-atva-licence-group\\\/#breadcrumb\"},\"inLanguage\":\"sv-SE\",\"potentialAction\":[{\"@type\":\"ReadAction\",\"target\":[\"https:\\\/\\\/www.atva.se\\\/sv\\\/atva-tekniken\\\/the-atva-licence-group\\\/\"]}]},{\"@type\":\"BreadcrumbList\",\"@id\":\"https:\\\/\\\/www.atva.se\\\/sv\\\/atva-tekniken\\\/the-atva-licence-group\\\/#breadcrumb\",\"itemListElement\":[{\"@type\":\"ListItem\",\"position\":1,\"name\":\"Home\",\"item\":\"https:\\\/\\\/www.atva.se\\\/sv\\\/\"},{\"@type\":\"ListItem\",\"position\":2,\"name\":\"ATVA\u2122-tekniken\",\"item\":\"https:\\\/\\\/www.atva.se\\\/sv\\\/atva-tekniken\\\/\"},{\"@type\":\"ListItem\",\"position\":3,\"name\":\"The ATVA\u00ae Licence Group\"}]},{\"@type\":\"WebSite\",\"@id\":\"https:\\\/\\\/www.atva.se\\\/sv\\\/#website\",\"url\":\"https:\\\/\\\/www.atva.se\\\/sv\\\/\",\"name\":\"ATVA License\",\"description\":\"Zero Vibrations\",\"publisher\":{\"@id\":\"https:\\\/\\\/www.atva.se\\\/sv\\\/#organization\"},\"potentialAction\":[{\"@type\":\"SearchAction\",\"target\":{\"@type\":\"EntryPoint\",\"urlTemplate\":\"https:\\\/\\\/www.atva.se\\\/sv\\\/?s={search_term_string}\"},\"query-input\":{\"@type\":\"PropertyValueSpecification\",\"valueRequired\":true,\"valueName\":\"search_term_string\"}}],\"inLanguage\":\"sv-SE\"},{\"@type\":\"Organization\",\"@id\":\"https:\\\/\\\/www.atva.se\\\/sv\\\/#organization\",\"name\":\"ATVA License\",\"url\":\"https:\\\/\\\/www.atva.se\\\/sv\\\/\",\"logo\":{\"@type\":\"ImageObject\",\"inLanguage\":\"sv-SE\",\"@id\":\"https:\\\/\\\/www.atva.se\\\/sv\\\/#\\\/schema\\\/logo\\\/image\\\/\",\"url\":\"https:\\\/\\\/www.atva.se\\\/wp-content\\\/uploads\\\/2021\\\/09\\\/atva-license-logo.png\",\"contentUrl\":\"https:\\\/\\\/www.atva.se\\\/wp-content\\\/uploads\\\/2021\\\/09\\\/atva-license-logo.png\",\"width\":1435,\"height\":193,\"caption\":\"ATVA License\"},\"image\":{\"@id\":\"https:\\\/\\\/www.atva.se\\\/sv\\\/#\\\/schema\\\/logo\\\/image\\\/\"}}]}<\/script>\n<!-- \/ Yoast SEO plugin. -->","yoast_head_json":{"title":"The ATVA\u00ae Licence Group - ATVA License","robots":{"index":"index","follow":"follow","max-snippet":"max-snippet:-1","max-image-preview":"max-image-preview:large","max-video-preview":"max-video-preview:-1"},"canonical":"https:\/\/www.atva.se\/sv\/atva-tekniken\/the-atva-licence-group\/","og_locale":"sv_SE","og_type":"article","og_title":"The ATVA\u00ae Licence Group - ATVA License","og_description":"ATVA\u00ae Licence Group \u00e4r ett f\u00f6retag som \u00e4gs av tv\u00e5 av Sveriges st\u00f6rsta naturstenstillverkare, Benders Sverige AB och Naturstenskompaniet International AB, med tillsammans 19 stenbrott i Sverige. De tv\u00e5 f\u00f6retagen har varit en experimentverkstad f\u00f6r den nya tekniken och har investerat i de prototypmaskiner som \u00e4r i kontinuerlig anv\u00e4ndning sedan 2016. RISE kom till oss&hellip; Continue reading The ATVA\u00ae Licence Group","og_url":"https:\/\/www.atva.se\/sv\/atva-tekniken\/the-atva-licence-group\/","og_site_name":"ATVA License","article_modified_time":"2022-01-26T10:22:27+00:00","twitter_card":"summary_large_image","twitter_misc":{"Ber\u00e4knad l\u00e4stid":"1 minut"},"schema":{"@context":"https:\/\/schema.org","@graph":[{"@type":"WebPage","@id":"https:\/\/www.atva.se\/sv\/atva-tekniken\/the-atva-licence-group\/","url":"https:\/\/www.atva.se\/sv\/atva-tekniken\/the-atva-licence-group\/","name":"The ATVA\u00ae Licence Group - ATVA License","isPartOf":{"@id":"https:\/\/www.atva.se\/sv\/#website"},"datePublished":"2022-01-22T12:14:07+00:00","dateModified":"2022-01-26T10:22:27+00:00","breadcrumb":{"@id":"https:\/\/www.atva.se\/sv\/atva-tekniken\/the-atva-licence-group\/#breadcrumb"},"inLanguage":"sv-SE","potentialAction":[{"@type":"ReadAction","target":["https:\/\/www.atva.se\/sv\/atva-tekniken\/the-atva-licence-group\/"]}]},{"@type":"BreadcrumbList","@id":"https:\/\/www.atva.se\/sv\/atva-tekniken\/the-atva-licence-group\/#breadcrumb","itemListElement":[{"@type":"ListItem","position":1,"name":"Home","item":"https:\/\/www.atva.se\/sv\/"},{"@type":"ListItem","position":2,"name":"ATVA\u2122-tekniken","item":"https:\/\/www.atva.se\/sv\/atva-tekniken\/"},{"@type":"ListItem","position":3,"name":"The ATVA\u00ae Licence Group"}]},{"@type":"WebSite","@id":"https:\/\/www.atva.se\/sv\/#website","url":"https:\/\/www.atva.se\/sv\/","name":"ATVA License","description":"Zero Vibrations","publisher":{"@id":"https:\/\/www.atva.se\/sv\/#organization"},"potentialAction":[{"@type":"SearchAction","target":{"@type":"EntryPoint","urlTemplate":"https:\/\/www.atva.se\/sv\/?s={search_term_string}"},"query-input":{"@type":"PropertyValueSpecification","valueRequired":true,"valueName":"search_term_string"}}],"inLanguage":"sv-SE"},{"@type":"Organization","@id":"https:\/\/www.atva.se\/sv\/#organization","name":"ATVA License","url":"https:\/\/www.atva.se\/sv\/","logo":{"@type":"ImageObject","inLanguage":"sv-SE","@id":"https:\/\/www.atva.se\/sv\/#\/schema\/logo\/image\/","url":"https:\/\/www.atva.se\/wp-content\/uploads\/2021\/09\/atva-license-logo.png","contentUrl":"https:\/\/www.atva.se\/wp-content\/uploads\/2021\/09\/atva-license-logo.png","width":1435,"height":193,"caption":"ATVA License"},"image":{"@id":"https:\/\/www.atva.se\/sv\/#\/schema\/logo\/image\/"}}]}},"uagb_featured_image_src":{"full":false,"thumbnail":false,"medium":false,"medium_large":false,"large":false,"1536x1536":false,"2048x2048":false,"post-thumbnail":false},"uagb_author_info":{"display_name":"atva-admin","author_link":"https:\/\/www.atva.se\/sv\/author\/atva-admin\/"},"uagb_comment_info":0,"uagb_excerpt":"ATVA\u00ae Licence Group \u00e4r ett f\u00f6retag som \u00e4gs av tv\u00e5 av Sveriges st\u00f6rsta naturstenstillverkare, Benders Sverige AB och Naturstenskompaniet International AB, med tillsammans 19 stenbrott i Sverige. De tv\u00e5 f\u00f6retagen har varit en experimentverkstad f\u00f6r den nya tekniken och har investerat i de prototypmaskiner som \u00e4r i kontinuerlig anv\u00e4ndning sedan 2016. RISE kom till oss&hellip;&hellip;","_links":{"self":[{"href":"https:\/\/www.atva.se\/sv\/wp-json\/wp\/v2\/pages\/236","targetHints":{"allow":["GET"]}}],"collection":[{"href":"https:\/\/www.atva.se\/sv\/wp-json\/wp\/v2\/pages"}],"about":[{"href":"https:\/\/www.atva.se\/sv\/wp-json\/wp\/v2\/types\/page"}],"author":[{"embeddable":true,"href":"https:\/\/www.atva.se\/sv\/wp-json\/wp\/v2\/users\/1"}],"replies":[{"embeddable":true,"href":"https:\/\/www.atva.se\/sv\/wp-json\/wp\/v2\/comments?post=236"}],"version-history":[{"count":9,"href":"https:\/\/www.atva.se\/sv\/wp-json\/wp\/v2\/pages\/236\/revisions"}],"predecessor-version":[{"id":381,"href":"https:\/\/www.atva.se\/sv\/wp-json\/wp\/v2\/pages\/236\/revisions\/381"}],"up":[{"embeddable":true,"href":"https:\/\/www.atva.se\/sv\/wp-json\/wp\/v2\/pages\/273"}],"wp:attachment":[{"href":"https:\/\/www.atva.se\/sv\/wp-json\/wp\/v2\/media?parent=236"}],"curies":[{"name":"wp","href":"https:\/\/api.w.org\/{rel}","templated":true}]}}