{"id":232,"date":"2022-01-22T11:54:29","date_gmt":"2022-01-22T11:54:29","guid":{"rendered":"https:\/\/www.atva.se\/atva-license\/"},"modified":"2022-01-26T10:19:37","modified_gmt":"2022-01-26T10:19:37","slug":"atva-license","status":"publish","type":"page","link":"https:\/\/www.atva.se\/sv\/","title":{"rendered":"ATVA License"},"content":{"rendered":"\n<div class=\"wp-block-cover alignfull is-light\"><span aria-hidden=\"true\" class=\"wp-block-cover__gradient-background has-background-dim\"><\/span><img loading=\"lazy\" decoding=\"async\" width=\"1151\" height=\"768\" class=\"wp-block-cover__image-background wp-image-57\" alt=\"\" src=\"http:\/\/www.atva.se\/wp-content\/uploads\/2021\/09\/atva-man-tool-bw.jpg\" data-object-fit=\"cover\" srcset=\"https:\/\/www.atva.se\/wp-content\/uploads\/2021\/09\/atva-man-tool-bw.jpg 1151w, https:\/\/www.atva.se\/wp-content\/uploads\/2021\/09\/atva-man-tool-bw-300x200.jpg 300w, https:\/\/www.atva.se\/wp-content\/uploads\/2021\/09\/atva-man-tool-bw-1024x683.jpg 1024w, https:\/\/www.atva.se\/wp-content\/uploads\/2021\/09\/atva-man-tool-bw-768x512.jpg 768w\" sizes=\"auto, (max-width: 1151px) 100vw, 1151px\" \/><div class=\"wp-block-cover__inner-container is-layout-flow wp-block-cover-is-layout-flow\">\n<p class=\"has-text-align-center\">ATVA\u2122 &#8211; tekniken minskar vibrationerna i m\u00e5nga typer av maskiner \u2013 f\u00f6r bergborrning, kompaktering, bilning, vibrostampning med mera. Anv\u00e4nds b\u00e5de i handh\u00e5llna och redskapsburna\/robotstyrda applikationer.<\/p>\n<\/div><\/div>\n\n<div style=\"height:50px\" aria-hidden=\"true\" class=\"wp-block-spacer\"><\/div>\n\n<div class=\"wp-block-columns alignwide are-vertically-aligned-center is-layout-flex wp-container-core-columns-is-layout-9d6595d7 wp-block-columns-is-layout-flex\">\n<div class=\"wp-block-column is-vertically-aligned-center is-layout-flow wp-block-column-is-layout-flow\">\n<p>ATVA\u2122 \u2013 utrustade maskiner \u00e4r i kontinuerlig anv\u00e4ndning sedan 2016. ATVA\u2122 reducerar vibrationerna med mer \u00e4n:<\/p>\n\n\n\n<p class=\"has-text-align-center\" style=\"font-size:52px\"><strong>80%<\/strong><\/p>\n<\/div>\n\n\n\n<div class=\"wp-block-column is-vertically-aligned-center is-layout-flow wp-block-column-is-layout-flow\">\n<figure class=\"wp-block-embed is-type-video is-provider-youtube wp-block-embed-youtube wp-embed-aspect-16-9 wp-has-aspect-ratio\"><div class=\"wp-block-embed__wrapper\">\n<iframe loading=\"lazy\" title=\"Zero vibration injuries\" width=\"750\" height=\"422\" src=\"https:\/\/www.youtube.com\/embed\/F9cawOHb5Ss?start=303&#038;feature=oembed\" frameborder=\"0\" allow=\"accelerometer; autoplay; clipboard-write; encrypted-media; gyroscope; picture-in-picture\" allowfullscreen><\/iframe>\n<\/div><\/figure>\n<\/div>\n<\/div>\n\n<div style=\"height:100px\" aria-hidden=\"true\" class=\"wp-block-spacer\"><\/div>\n\n<div class=\"wp-block-columns alignwide are-vertically-aligned-center is-layout-flex wp-container-core-columns-is-layout-9d6595d7 wp-block-columns-is-layout-flex\">\n<div class=\"wp-block-column is-vertically-aligned-center is-layout-flow wp-block-column-is-layout-flow\">\n<figure class=\"wp-block-embed is-type-video is-provider-youtube wp-block-embed-youtube wp-embed-aspect-16-9 wp-has-aspect-ratio\"><div class=\"wp-block-embed__wrapper\">\n<iframe loading=\"lazy\" title=\"ATVA in robot application 15 sec\" width=\"750\" height=\"422\" src=\"https:\/\/www.youtube.com\/embed\/_hYluIkC7lw?feature=oembed\" frameborder=\"0\" allow=\"accelerometer; autoplay; clipboard-write; encrypted-media; gyroscope; picture-in-picture\" allowfullscreen><\/iframe>\n<\/div><\/figure>\n<\/div>\n\n\n\n<div class=\"wp-block-column is-vertically-aligned-center is-layout-flow wp-block-column-is-layout-flow\">\n<p>Denna ATVA\u2122-utrustade borrmaskin styrs av en standardrobot. ATVA\u2122 f\u00f6rl\u00e4nger maskinernas livstid.<\/p>\n<\/div>\n<\/div>\n\n<div style=\"height:100px\" aria-hidden=\"true\" class=\"wp-block-spacer\"><\/div>\n\n<div class=\"wp-block-cover alignwide is-light is-style-default\"><span aria-hidden=\"true\" class=\"has-yellow-background-color has-background-dim-100 wp-block-cover__gradient-background has-background-dim\"><\/span><div class=\"wp-block-cover__inner-container is-layout-flow wp-block-cover-is-layout-flow\">\n<p>P\u00e5 den h\u00e4r webbplatsen finner du information om ATVA\u2122 anti-vibrationsteknik, om hela ZeroVib-projektet, vetenskapen och forskningen kring ATVA\u2122, testresultaten, den kommersiella tillg\u00e4ngligheten och andra aspekter.<\/p>\n<\/div><\/div>\n\n<div style=\"height:100px\" aria-hidden=\"true\" class=\"wp-block-spacer\"><\/div>\n\n<div class=\"wp-block-group\"><div class=\"wp-block-group__inner-container is-layout-flow wp-block-group-is-layout-flow\">\n<blockquote class=\"wp-block-quote has-text-align-right is-style-large is-layout-flow wp-block-quote-is-layout-flow\"><p>N\u00e4r vi kom p\u00e5 hur man automatiskt kunde anpassa absorptionsenheten till vilken vibrationsfrekvens som helst, d\u00e5 ins\u00e5g vi att vi lyckats<\/p><cite>Forskningsledare i projektet NollVib \/ Zero Vibrations<\/cite><\/blockquote>\n\n\n\n<div class=\"wp-block-buttons is-horizontal is-content-justification-right is-layout-flex wp-container-core-buttons-is-layout-ae2fe186 wp-block-buttons-is-layout-flex\">\n<div class=\"wp-block-button\"><a class=\"wp-block-button__link\" href=\"https:\/\/www.atva.se\/sv\/nollvib-projektet\/\">Mer om Zero Vibration-projektet<\/a><\/div>\n<\/div>\n\n\n\n<div style=\"height:100px\" aria-hidden=\"true\" class=\"wp-block-spacer\"><\/div>\n\n\n\n<h3 class=\"wp-block-heading\" id=\"want-more\"><strong>Vill du veta mer?<\/strong><\/h3>\n\n\n\n<p>V\u00e4lkommen att kontakta oss f\u00f6r mer information om ATVA-licensen.<\/p>\n\n\n\n<div class=\"wp-block-buttons is-horizontal is-content-justification-left is-layout-flex wp-container-core-buttons-is-layout-7e5fce0a wp-block-buttons-is-layout-flex\">\n<div class=\"wp-block-button\"><a class=\"wp-block-button__link\" href=\"https:\/\/www.atva.se\/sv\/kontakt\/\">Kontakta oss<\/a><\/div>\n<\/div>\n<\/div><\/div>\n","protected":false},"excerpt":{"rendered":"<p>ATVA\u2122 \u2013 utrustade maskiner \u00e4r i kontinuerlig anv\u00e4ndning sedan 2016. ATVA\u2122 reducerar vibrationerna med mer \u00e4n: 80% Denna ATVA\u2122-utrustade borrmaskin styrs av en standardrobot. ATVA\u2122 f\u00f6rl\u00e4nger maskinernas livstid. N\u00e4r vi kom p\u00e5 hur man automatiskt kunde anpassa absorptionsenheten till vilken vibrationsfrekvens som helst, d\u00e5 ins\u00e5g vi att vi lyckats Forskningsledare i projektet NollVib \/ Zero&hellip; <a class=\"more-link\" href=\"https:\/\/www.atva.se\/sv\/\">Continue reading <span class=\"screen-reader-text\">ATVA License<\/span><\/a><\/p>\n","protected":false},"author":1,"featured_media":0,"parent":0,"menu_order":-1,"comment_status":"closed","ping_status":"closed","template":"","meta":{"_uag_custom_page_level_css":"","_monsterinsights_skip_tracking":false,"_monsterinsights_sitenote_active":false,"_monsterinsights_sitenote_note":"","_monsterinsights_sitenote_category":0,"footnotes":""},"class_list":["post-232","page","type-page","status-publish","hentry","entry"],"yoast_head":"<!-- This site is optimized with the Yoast SEO plugin v27.5 - https:\/\/yoast.com\/product\/yoast-seo-wordpress\/ -->\n<title>ATVA License<\/title>\n<meta name=\"description\" content=\"ATVA\u2122 - tekniken minskar vibrationerna i m\u00e5nga typer av maskiner \u2013 f\u00f6r bergborrning, kompaktering, bilning, vibrostampning med mera. Anv\u00e4nds b\u00e5de i handh\u00e5llna och redskapsburna\/robotstyrda applikationer.\" \/>\n<meta name=\"robots\" content=\"index, follow, max-snippet:-1, max-image-preview:large, max-video-preview:-1\" \/>\n<link rel=\"canonical\" href=\"https:\/\/www.atva.se\/sv\/\" \/>\n<meta property=\"og:locale\" content=\"sv_SE\" \/>\n<meta property=\"og:type\" content=\"article\" \/>\n<meta property=\"og:title\" content=\"ATVA License\" \/>\n<meta property=\"og:description\" content=\"ATVA\u2122 - tekniken minskar vibrationerna i m\u00e5nga typer av maskiner \u2013 f\u00f6r bergborrning, kompaktering, bilning, vibrostampning med mera. Anv\u00e4nds b\u00e5de i handh\u00e5llna och redskapsburna\/robotstyrda applikationer.\" \/>\n<meta property=\"og:url\" content=\"https:\/\/www.atva.se\/sv\/\" \/>\n<meta property=\"og:site_name\" content=\"ATVA License\" \/>\n<meta property=\"article:modified_time\" content=\"2022-01-26T10:19:37+00:00\" \/>\n<meta property=\"og:image\" content=\"http:\/\/www.atva.se\/wp-content\/uploads\/2021\/09\/atva-man-tool-bw.jpg\" \/>\n<meta name=\"twitter:card\" content=\"summary_large_image\" \/>\n<meta name=\"twitter:label1\" content=\"Ber\u00e4knad l\u00e4stid\" \/>\n\t<meta name=\"twitter:data1\" content=\"1 minut\" \/>\n<script type=\"application\/ld+json\" class=\"yoast-schema-graph\">{\"@context\":\"https:\\\/\\\/schema.org\",\"@graph\":[{\"@type\":\"WebPage\",\"@id\":\"https:\\\/\\\/www.atva.se\\\/sv\\\/\",\"url\":\"https:\\\/\\\/www.atva.se\\\/sv\\\/\",\"name\":\"ATVA License\",\"isPartOf\":{\"@id\":\"https:\\\/\\\/www.atva.se\\\/sv\\\/#website\"},\"primaryImageOfPage\":{\"@id\":\"https:\\\/\\\/www.atva.se\\\/sv\\\/#primaryimage\"},\"image\":{\"@id\":\"https:\\\/\\\/www.atva.se\\\/sv\\\/#primaryimage\"},\"thumbnailUrl\":\"http:\\\/\\\/www.atva.se\\\/wp-content\\\/uploads\\\/2021\\\/09\\\/atva-man-tool-bw.jpg\",\"datePublished\":\"2022-01-22T11:54:29+00:00\",\"dateModified\":\"2022-01-26T10:19:37+00:00\",\"description\":\"ATVA\u2122 - tekniken minskar vibrationerna i m\u00e5nga typer av maskiner \u2013 f\u00f6r bergborrning, kompaktering, bilning, vibrostampning med mera. Anv\u00e4nds b\u00e5de i handh\u00e5llna och redskapsburna\\\/robotstyrda applikationer.\",\"breadcrumb\":{\"@id\":\"https:\\\/\\\/www.atva.se\\\/sv\\\/#breadcrumb\"},\"inLanguage\":\"sv-SE\",\"potentialAction\":[{\"@type\":\"ReadAction\",\"target\":[\"https:\\\/\\\/www.atva.se\\\/sv\\\/\"]}]},{\"@type\":\"ImageObject\",\"inLanguage\":\"sv-SE\",\"@id\":\"https:\\\/\\\/www.atva.se\\\/sv\\\/#primaryimage\",\"url\":\"http:\\\/\\\/www.atva.se\\\/wp-content\\\/uploads\\\/2021\\\/09\\\/atva-man-tool-bw.jpg\",\"contentUrl\":\"http:\\\/\\\/www.atva.se\\\/wp-content\\\/uploads\\\/2021\\\/09\\\/atva-man-tool-bw.jpg\"},{\"@type\":\"BreadcrumbList\",\"@id\":\"https:\\\/\\\/www.atva.se\\\/sv\\\/#breadcrumb\",\"itemListElement\":[{\"@type\":\"ListItem\",\"position\":1,\"name\":\"Home\",\"item\":\"https:\\\/\\\/www.atva.se\\\/sv\\\/\"},{\"@type\":\"ListItem\",\"position\":2,\"name\":\"ATVA License\"}]},{\"@type\":\"WebSite\",\"@id\":\"https:\\\/\\\/www.atva.se\\\/sv\\\/#website\",\"url\":\"https:\\\/\\\/www.atva.se\\\/sv\\\/\",\"name\":\"ATVA License\",\"description\":\"Zero Vibrations\",\"publisher\":{\"@id\":\"https:\\\/\\\/www.atva.se\\\/sv\\\/#organization\"},\"potentialAction\":[{\"@type\":\"SearchAction\",\"target\":{\"@type\":\"EntryPoint\",\"urlTemplate\":\"https:\\\/\\\/www.atva.se\\\/sv\\\/?s={search_term_string}\"},\"query-input\":{\"@type\":\"PropertyValueSpecification\",\"valueRequired\":true,\"valueName\":\"search_term_string\"}}],\"inLanguage\":\"sv-SE\"},{\"@type\":\"Organization\",\"@id\":\"https:\\\/\\\/www.atva.se\\\/sv\\\/#organization\",\"name\":\"ATVA License\",\"url\":\"https:\\\/\\\/www.atva.se\\\/sv\\\/\",\"logo\":{\"@type\":\"ImageObject\",\"inLanguage\":\"sv-SE\",\"@id\":\"https:\\\/\\\/www.atva.se\\\/sv\\\/#\\\/schema\\\/logo\\\/image\\\/\",\"url\":\"https:\\\/\\\/www.atva.se\\\/wp-content\\\/uploads\\\/2021\\\/09\\\/atva-license-logo.png\",\"contentUrl\":\"https:\\\/\\\/www.atva.se\\\/wp-content\\\/uploads\\\/2021\\\/09\\\/atva-license-logo.png\",\"width\":1435,\"height\":193,\"caption\":\"ATVA License\"},\"image\":{\"@id\":\"https:\\\/\\\/www.atva.se\\\/sv\\\/#\\\/schema\\\/logo\\\/image\\\/\"}}]}<\/script>\n<!-- \/ Yoast SEO plugin. -->","yoast_head_json":{"title":"ATVA License","description":"ATVA\u2122 - tekniken minskar vibrationerna i m\u00e5nga typer av maskiner \u2013 f\u00f6r bergborrning, kompaktering, bilning, vibrostampning med mera. Anv\u00e4nds b\u00e5de i handh\u00e5llna och redskapsburna\/robotstyrda applikationer.","robots":{"index":"index","follow":"follow","max-snippet":"max-snippet:-1","max-image-preview":"max-image-preview:large","max-video-preview":"max-video-preview:-1"},"canonical":"https:\/\/www.atva.se\/sv\/","og_locale":"sv_SE","og_type":"article","og_title":"ATVA License","og_description":"ATVA\u2122 - tekniken minskar vibrationerna i m\u00e5nga typer av maskiner \u2013 f\u00f6r bergborrning, kompaktering, bilning, vibrostampning med mera. Anv\u00e4nds b\u00e5de i handh\u00e5llna och redskapsburna\/robotstyrda applikationer.","og_url":"https:\/\/www.atva.se\/sv\/","og_site_name":"ATVA License","article_modified_time":"2022-01-26T10:19:37+00:00","og_image":[{"url":"http:\/\/www.atva.se\/wp-content\/uploads\/2021\/09\/atva-man-tool-bw.jpg","type":"","width":"","height":""}],"twitter_card":"summary_large_image","twitter_misc":{"Ber\u00e4knad l\u00e4stid":"1 minut"},"schema":{"@context":"https:\/\/schema.org","@graph":[{"@type":"WebPage","@id":"https:\/\/www.atva.se\/sv\/","url":"https:\/\/www.atva.se\/sv\/","name":"ATVA License","isPartOf":{"@id":"https:\/\/www.atva.se\/sv\/#website"},"primaryImageOfPage":{"@id":"https:\/\/www.atva.se\/sv\/#primaryimage"},"image":{"@id":"https:\/\/www.atva.se\/sv\/#primaryimage"},"thumbnailUrl":"http:\/\/www.atva.se\/wp-content\/uploads\/2021\/09\/atva-man-tool-bw.jpg","datePublished":"2022-01-22T11:54:29+00:00","dateModified":"2022-01-26T10:19:37+00:00","description":"ATVA\u2122 - tekniken minskar vibrationerna i m\u00e5nga typer av maskiner \u2013 f\u00f6r bergborrning, kompaktering, bilning, vibrostampning med mera. Anv\u00e4nds b\u00e5de i handh\u00e5llna och redskapsburna\/robotstyrda applikationer.","breadcrumb":{"@id":"https:\/\/www.atva.se\/sv\/#breadcrumb"},"inLanguage":"sv-SE","potentialAction":[{"@type":"ReadAction","target":["https:\/\/www.atva.se\/sv\/"]}]},{"@type":"ImageObject","inLanguage":"sv-SE","@id":"https:\/\/www.atva.se\/sv\/#primaryimage","url":"http:\/\/www.atva.se\/wp-content\/uploads\/2021\/09\/atva-man-tool-bw.jpg","contentUrl":"http:\/\/www.atva.se\/wp-content\/uploads\/2021\/09\/atva-man-tool-bw.jpg"},{"@type":"BreadcrumbList","@id":"https:\/\/www.atva.se\/sv\/#breadcrumb","itemListElement":[{"@type":"ListItem","position":1,"name":"Home","item":"https:\/\/www.atva.se\/sv\/"},{"@type":"ListItem","position":2,"name":"ATVA License"}]},{"@type":"WebSite","@id":"https:\/\/www.atva.se\/sv\/#website","url":"https:\/\/www.atva.se\/sv\/","name":"ATVA License","description":"Zero Vibrations","publisher":{"@id":"https:\/\/www.atva.se\/sv\/#organization"},"potentialAction":[{"@type":"SearchAction","target":{"@type":"EntryPoint","urlTemplate":"https:\/\/www.atva.se\/sv\/?s={search_term_string}"},"query-input":{"@type":"PropertyValueSpecification","valueRequired":true,"valueName":"search_term_string"}}],"inLanguage":"sv-SE"},{"@type":"Organization","@id":"https:\/\/www.atva.se\/sv\/#organization","name":"ATVA License","url":"https:\/\/www.atva.se\/sv\/","logo":{"@type":"ImageObject","inLanguage":"sv-SE","@id":"https:\/\/www.atva.se\/sv\/#\/schema\/logo\/image\/","url":"https:\/\/www.atva.se\/wp-content\/uploads\/2021\/09\/atva-license-logo.png","contentUrl":"https:\/\/www.atva.se\/wp-content\/uploads\/2021\/09\/atva-license-logo.png","width":1435,"height":193,"caption":"ATVA License"},"image":{"@id":"https:\/\/www.atva.se\/sv\/#\/schema\/logo\/image\/"}}]}},"uagb_featured_image_src":{"full":false,"thumbnail":false,"medium":false,"medium_large":false,"large":false,"1536x1536":false,"2048x2048":false,"post-thumbnail":false},"uagb_author_info":{"display_name":"atva-admin","author_link":"https:\/\/www.atva.se\/sv\/author\/atva-admin\/"},"uagb_comment_info":0,"uagb_excerpt":"ATVA\u2122 \u2013 utrustade maskiner \u00e4r i kontinuerlig anv\u00e4ndning sedan 2016. ATVA\u2122 reducerar vibrationerna med mer \u00e4n: 80% Denna ATVA\u2122-utrustade borrmaskin styrs av en standardrobot. ATVA\u2122 f\u00f6rl\u00e4nger maskinernas livstid. N\u00e4r vi kom p\u00e5 hur man automatiskt kunde anpassa absorptionsenheten till vilken vibrationsfrekvens som helst, d\u00e5 ins\u00e5g vi att vi lyckats Forskningsledare i projektet NollVib \/ Zero&hellip;&hellip;","_links":{"self":[{"href":"https:\/\/www.atva.se\/sv\/wp-json\/wp\/v2\/pages\/232","targetHints":{"allow":["GET"]}}],"collection":[{"href":"https:\/\/www.atva.se\/sv\/wp-json\/wp\/v2\/pages"}],"about":[{"href":"https:\/\/www.atva.se\/sv\/wp-json\/wp\/v2\/types\/page"}],"author":[{"embeddable":true,"href":"https:\/\/www.atva.se\/sv\/wp-json\/wp\/v2\/users\/1"}],"replies":[{"embeddable":true,"href":"https:\/\/www.atva.se\/sv\/wp-json\/wp\/v2\/comments?post=232"}],"version-history":[{"count":16,"href":"https:\/\/www.atva.se\/sv\/wp-json\/wp\/v2\/pages\/232\/revisions"}],"predecessor-version":[{"id":361,"href":"https:\/\/www.atva.se\/sv\/wp-json\/wp\/v2\/pages\/232\/revisions\/361"}],"wp:attachment":[{"href":"https:\/\/www.atva.se\/sv\/wp-json\/wp\/v2\/media?parent=232"}],"curies":[{"name":"wp","href":"https:\/\/api.w.org\/{rel}","templated":true}]}}